{"id":64330,"date":"2021-07-12T20:17:44","date_gmt":"2021-07-12T18:17:58","guid":{"rendered":"https:\/\/www.laperlavalles2.bcntic.com\/product\/sucre-de-coco-the-elements-300g\/"},"modified":"2023-06-26T15:37:42","modified_gmt":"2023-06-26T13:37:42","slug":"sucre-de-coco-the-elements-300g","status":"publish","type":"product","link":"https:\/\/www.laperlavalles.cat\/fr\/produit\/sucre-de-coco-the-elements-300g\/","title":{"rendered":"SUCRE DE COCO THE ELEMENTS 300g"},"content":{"rendered":"<p>Le sucre de noix de cocoThe  Elements est un sucre \u00e0 grains irr\u00e9guliers naturel, non raffin\u00e9, fabriqu\u00e9 en extrayant la s\u00e8ve de la fleur de coco et en \u00e9vaporant l&rsquo;exc\u00e8s d&rsquo;eau. Un sucre naturel au grain irr\u00e9gulier et fonc\u00e9. Le sucre de coco retient les nutriments de la fleur et on obtient un \u00e9dulcorant riche en calories, c&rsquo;est-\u00e0-dire qu&rsquo;en plus de l&rsquo;adoucissement, il apporte les nutriments existants dans la s\u00e8ve de coco. C&rsquo;est une alternative saine aux autres sucres comme la canne, le sucre blanc ou le miel.<\/p>\n","protected":false},"excerpt":{"rendered":"<p>Le sucre de noix de cocoThe Elements est un sucre \u00e0 grains irr\u00e9guliers naturel, non raffin\u00e9, fabriqu\u00e9 en extrayant la s\u00e8ve de la fleur de coco<span class=\"excerpt-hellip\"> [\u2026]<\/span><\/p>\n","protected":false},"featured_media":154165,"comment_status":"open","ping_status":"closed","template":"","meta":[],"product_cat":[8446,8584],"product_tag":[],"_links":{"self":[{"href":"https:\/\/www.laperlavalles.cat\/fr\/wp-json\/wp\/v2\/product\/64330"}],"collection":[{"href":"https:\/\/www.laperlavalles.cat\/fr\/wp-json\/wp\/v2\/product"}],"about":[{"href":"https:\/\/www.laperlavalles.cat\/fr\/wp-json\/wp\/v2\/types\/product"}],"replies":[{"embeddable":true,"href":"https:\/\/www.laperlavalles.cat\/fr\/wp-json\/wp\/v2\/comments?post=64330"}],"wp:featuredmedia":[{"embeddable":true,"href":"https:\/\/www.laperlavalles.cat\/fr\/wp-json\/wp\/v2\/media\/154165"}],"wp:attachment":[{"href":"https:\/\/www.laperlavalles.cat\/fr\/wp-json\/wp\/v2\/media?parent=64330"}],"wp:term":[{"taxonomy":"product_cat","embeddable":true,"href":"https:\/\/www.laperlavalles.cat\/fr\/wp-json\/wp\/v2\/product_cat?post=64330"},{"taxonomy":"product_tag","embeddable":true,"href":"https:\/\/www.laperlavalles.cat\/fr\/wp-json\/wp\/v2\/product_tag?post=64330"}],"curies":[{"name":"wp","href":"https:\/\/api.w.org\/{rel}","templated":true}]}}