{"id":64370,"date":"2021-07-12T20:18:30","date_gmt":"2021-07-12T18:18:44","guid":{"rendered":"https:\/\/www.laperlavalles2.bcntic.com\/product\/bournvita-2\/"},"modified":"2025-12-18T17:10:44","modified_gmt":"2025-12-18T16:10:44","slug":"bournvita-2","status":"publish","type":"product","link":"https:\/\/www.laperlavalles.cat\/fr\/produit\/bournvita-2\/","title":{"rendered":"BOURNVITA"},"content":{"rendered":"<p>La boisson Bournvita est la boisson vitamin\u00e9e nig\u00e9riane originale \u00e0 base de poudre de cacao. <\/p>\n","protected":false},"excerpt":{"rendered":"<p>La boisson Bournvita est la boisson vitamin\u00e9e nig\u00e9riane originale \u00e0 base de poudre de cacao.<\/p>\n","protected":false},"featured_media":170089,"comment_status":"open","ping_status":"closed","template":"","meta":[],"product_cat":[10616],"product_tag":[],"_links":{"self":[{"href":"https:\/\/www.laperlavalles.cat\/fr\/wp-json\/wp\/v2\/product\/64370"}],"collection":[{"href":"https:\/\/www.laperlavalles.cat\/fr\/wp-json\/wp\/v2\/product"}],"about":[{"href":"https:\/\/www.laperlavalles.cat\/fr\/wp-json\/wp\/v2\/types\/product"}],"replies":[{"embeddable":true,"href":"https:\/\/www.laperlavalles.cat\/fr\/wp-json\/wp\/v2\/comments?post=64370"}],"wp:featuredmedia":[{"embeddable":true,"href":"https:\/\/www.laperlavalles.cat\/fr\/wp-json\/wp\/v2\/media\/170089"}],"wp:attachment":[{"href":"https:\/\/www.laperlavalles.cat\/fr\/wp-json\/wp\/v2\/media?parent=64370"}],"wp:term":[{"taxonomy":"product_cat","embeddable":true,"href":"https:\/\/www.laperlavalles.cat\/fr\/wp-json\/wp\/v2\/product_cat?post=64370"},{"taxonomy":"product_tag","embeddable":true,"href":"https:\/\/www.laperlavalles.cat\/fr\/wp-json\/wp\/v2\/product_tag?post=64370"}],"curies":[{"name":"wp","href":"https:\/\/api.w.org\/{rel}","templated":true}]}}