{"id":64390,"date":"2021-07-12T20:18:52","date_gmt":"2021-07-12T18:19:06","guid":{"rendered":"https:\/\/www.laperlavalles2.bcntic.com\/product\/golden-morn-450g-2\/"},"modified":"2024-05-27T10:40:22","modified_gmt":"2024-05-27T08:40:22","slug":"golden-morn-450g-2","status":"publish","type":"product","link":"https:\/\/www.laperlavalles.cat\/fr\/produit\/golden-morn-450g-2\/","title":{"rendered":"GOLDEN MORN 450G"},"content":{"rendered":"<p>Nestl\u00e9 Golden Morn est une pr\u00e9paration \u00e0 base de c\u00e9r\u00e9ales de ma\u00efs et de soja. <\/p>\n","protected":false},"excerpt":{"rendered":"<p>Nestl\u00e9 Golden Morn est une pr\u00e9paration \u00e0 base de c\u00e9r\u00e9ales de ma\u00efs et de soja.<\/p>\n","protected":false},"featured_media":170105,"comment_status":"open","ping_status":"closed","template":"","meta":[],"product_cat":[8446,8584],"product_tag":[],"_links":{"self":[{"href":"https:\/\/www.laperlavalles.cat\/fr\/wp-json\/wp\/v2\/product\/64390"}],"collection":[{"href":"https:\/\/www.laperlavalles.cat\/fr\/wp-json\/wp\/v2\/product"}],"about":[{"href":"https:\/\/www.laperlavalles.cat\/fr\/wp-json\/wp\/v2\/types\/product"}],"replies":[{"embeddable":true,"href":"https:\/\/www.laperlavalles.cat\/fr\/wp-json\/wp\/v2\/comments?post=64390"}],"wp:featuredmedia":[{"embeddable":true,"href":"https:\/\/www.laperlavalles.cat\/fr\/wp-json\/wp\/v2\/media\/170105"}],"wp:attachment":[{"href":"https:\/\/www.laperlavalles.cat\/fr\/wp-json\/wp\/v2\/media?parent=64390"}],"wp:term":[{"taxonomy":"product_cat","embeddable":true,"href":"https:\/\/www.laperlavalles.cat\/fr\/wp-json\/wp\/v2\/product_cat?post=64390"},{"taxonomy":"product_tag","embeddable":true,"href":"https:\/\/www.laperlavalles.cat\/fr\/wp-json\/wp\/v2\/product_tag?post=64390"}],"curies":[{"name":"wp","href":"https:\/\/api.w.org\/{rel}","templated":true}]}}