{"id":64430,"date":"2021-07-12T20:19:37","date_gmt":"2021-07-12T18:19:51","guid":{"rendered":"https:\/\/www.laperlavalles2.bcntic.com\/product\/flips-de-chocolat\/"},"modified":"2023-06-23T13:04:03","modified_gmt":"2023-06-23T11:04:03","slug":"flips-de-chocolat","status":"publish","type":"product","link":"https:\/\/www.laperlavalles.cat\/fr\/produit\/flips-de-chocolat\/","title":{"rendered":"FLIPS DE CHOCOLAT"},"content":{"rendered":"<p>Les Flips sont des c\u00e9r\u00e9ales remplies au chocolat. Les c\u00e9r\u00e9ales Flips sont fabriqu\u00e9es \u00e0 partir de riz, de bl\u00e9 et d&rsquo;avoine. Ils sont typiques de la Colombie et du Venezuela.<\/p>\n","protected":false},"excerpt":{"rendered":"<p>Les Flips sont des c\u00e9r\u00e9ales remplies au chocolat. Les c\u00e9r\u00e9ales Flips sont fabriqu\u00e9es \u00e0 partir de riz, de bl\u00e9 et d&rsquo;avoine. Ils sont typiques de la<span class=\"excerpt-hellip\"> [\u2026]<\/span><\/p>\n","protected":false},"featured_media":170695,"comment_status":"open","ping_status":"closed","template":"","meta":[],"product_cat":[10616],"product_tag":[],"_links":{"self":[{"href":"https:\/\/www.laperlavalles.cat\/fr\/wp-json\/wp\/v2\/product\/64430"}],"collection":[{"href":"https:\/\/www.laperlavalles.cat\/fr\/wp-json\/wp\/v2\/product"}],"about":[{"href":"https:\/\/www.laperlavalles.cat\/fr\/wp-json\/wp\/v2\/types\/product"}],"replies":[{"embeddable":true,"href":"https:\/\/www.laperlavalles.cat\/fr\/wp-json\/wp\/v2\/comments?post=64430"}],"wp:featuredmedia":[{"embeddable":true,"href":"https:\/\/www.laperlavalles.cat\/fr\/wp-json\/wp\/v2\/media\/170695"}],"wp:attachment":[{"href":"https:\/\/www.laperlavalles.cat\/fr\/wp-json\/wp\/v2\/media?parent=64430"}],"wp:term":[{"taxonomy":"product_cat","embeddable":true,"href":"https:\/\/www.laperlavalles.cat\/fr\/wp-json\/wp\/v2\/product_cat?post=64430"},{"taxonomy":"product_tag","embeddable":true,"href":"https:\/\/www.laperlavalles.cat\/fr\/wp-json\/wp\/v2\/product_tag?post=64430"}],"curies":[{"name":"wp","href":"https:\/\/api.w.org\/{rel}","templated":true}]}}