{"id":64450,"date":"2021-07-12T20:19:59","date_gmt":"2021-07-12T18:20:13","guid":{"rendered":"https:\/\/www.laperlavalles2.bcntic.com\/product\/flips-de-confiture-de-lait\/"},"modified":"2023-06-23T13:04:24","modified_gmt":"2023-06-23T11:04:24","slug":"flips-de-confiture-de-lait","status":"publish","type":"product","link":"https:\/\/www.laperlavalles.cat\/fr\/produit\/flips-de-confiture-de-lait\/","title":{"rendered":"FLIPS DE CONFITURE DE LAIT"},"content":{"rendered":"<p>Les Flips sont des c\u00e9r\u00e9ales remplies de confiture de lait. Les c\u00e9r\u00e9ales Flips sont fabriqu\u00e9es \u00e0 partir de riz, de bl\u00e9 et d&rsquo;avoine. Ils sont typiques de la Colombie et du Venezuela.<\/p>\n","protected":false},"excerpt":{"rendered":"<p>Les Flips sont des c\u00e9r\u00e9ales remplies de confiture de lait. Les c\u00e9r\u00e9ales Flips sont fabriqu\u00e9es \u00e0 partir de riz, de bl\u00e9 et d&rsquo;avoine. Ils sont typiques<span class=\"excerpt-hellip\"> [\u2026]<\/span><\/p>\n","protected":false},"featured_media":170711,"comment_status":"open","ping_status":"closed","template":"","meta":[],"product_cat":[10616],"product_tag":[],"_links":{"self":[{"href":"https:\/\/www.laperlavalles.cat\/fr\/wp-json\/wp\/v2\/product\/64450"}],"collection":[{"href":"https:\/\/www.laperlavalles.cat\/fr\/wp-json\/wp\/v2\/product"}],"about":[{"href":"https:\/\/www.laperlavalles.cat\/fr\/wp-json\/wp\/v2\/types\/product"}],"replies":[{"embeddable":true,"href":"https:\/\/www.laperlavalles.cat\/fr\/wp-json\/wp\/v2\/comments?post=64450"}],"wp:featuredmedia":[{"embeddable":true,"href":"https:\/\/www.laperlavalles.cat\/fr\/wp-json\/wp\/v2\/media\/170711"}],"wp:attachment":[{"href":"https:\/\/www.laperlavalles.cat\/fr\/wp-json\/wp\/v2\/media?parent=64450"}],"wp:term":[{"taxonomy":"product_cat","embeddable":true,"href":"https:\/\/www.laperlavalles.cat\/fr\/wp-json\/wp\/v2\/product_cat?post=64450"},{"taxonomy":"product_tag","embeddable":true,"href":"https:\/\/www.laperlavalles.cat\/fr\/wp-json\/wp\/v2\/product_tag?post=64450"}],"curies":[{"name":"wp","href":"https:\/\/api.w.org\/{rel}","templated":true}]}}