{"id":64570,"date":"2021-07-12T20:22:13","date_gmt":"2021-07-12T18:22:27","guid":{"rendered":"https:\/\/www.laperlavalles2.bcntic.com\/product\/eau-de-fleur-dorange-samra\/"},"modified":"2022-06-24T15:29:51","modified_gmt":"2022-06-24T13:29:51","slug":"eau-de-fleur-dorange-samra-2","status":"publish","type":"product","link":"https:\/\/www.laperlavalles.cat\/fr\/produit\/eau-de-fleur-dorange-samra-2\/","title":{"rendered":"EAU DE FLEUR D&rsquo;ORANGE SAMRA"},"content":{"rendered":"<p>L&rsquo;eau de fleur d&rsquo;oranger est un ingr\u00e9dient typique des p\u00e2tisseries arabes et est utilis\u00e9e pour aromatiser les bonbons et les boissons. L&rsquo;eau de fleur d&rsquo;oranger Samra est id\u00e9ale pour les distributeurs de p\u00e2tisseries, confiseries ou cocktails.<\/p>\n","protected":false},"excerpt":{"rendered":"<p>L&rsquo;eau de fleur d&rsquo;oranger est un ingr\u00e9dient typique des p\u00e2tisseries arabes et est utilis\u00e9e pour aromatiser les bonbons et les boissons. L&rsquo;eau de fleur d&rsquo;oranger Samra<span class=\"excerpt-hellip\"> [\u2026]<\/span><\/p>\n","protected":false},"featured_media":64553,"comment_status":"open","ping_status":"closed","template":"","meta":[],"product_cat":[8585,8446],"product_tag":[],"_links":{"self":[{"href":"https:\/\/www.laperlavalles.cat\/fr\/wp-json\/wp\/v2\/product\/64570"}],"collection":[{"href":"https:\/\/www.laperlavalles.cat\/fr\/wp-json\/wp\/v2\/product"}],"about":[{"href":"https:\/\/www.laperlavalles.cat\/fr\/wp-json\/wp\/v2\/types\/product"}],"replies":[{"embeddable":true,"href":"https:\/\/www.laperlavalles.cat\/fr\/wp-json\/wp\/v2\/comments?post=64570"}],"wp:featuredmedia":[{"embeddable":true,"href":"https:\/\/www.laperlavalles.cat\/fr\/wp-json\/wp\/v2\/media\/64553"}],"wp:attachment":[{"href":"https:\/\/www.laperlavalles.cat\/fr\/wp-json\/wp\/v2\/media?parent=64570"}],"wp:term":[{"taxonomy":"product_cat","embeddable":true,"href":"https:\/\/www.laperlavalles.cat\/fr\/wp-json\/wp\/v2\/product_cat?post=64570"},{"taxonomy":"product_tag","embeddable":true,"href":"https:\/\/www.laperlavalles.cat\/fr\/wp-json\/wp\/v2\/product_tag?post=64570"}],"curies":[{"name":"wp","href":"https:\/\/api.w.org\/{rel}","templated":true}]}}