{"id":64590,"date":"2021-07-12T20:22:35","date_gmt":"2021-07-12T18:22:49","guid":{"rendered":"https:\/\/www.laperlavalles2.bcntic.com\/product\/eau-de-rose-samra\/"},"modified":"2025-06-11T11:29:20","modified_gmt":"2025-06-11T09:29:20","slug":"eau-de-rose-samra","status":"publish","type":"product","link":"https:\/\/www.laperlavalles.cat\/fr\/produit\/eau-de-rose-samra\/","title":{"rendered":"EAU DE ROSE SAMRA 500ML"},"content":{"rendered":"<p>Eau de rose Samra de haute qualit\u00e9, id\u00e9ale pour parfumer desserts, boissons et plats orientaux d\u2019une d\u00e9licate note florale. Obtenue par distillation de p\u00e9tales de rose, elle apporte un ar\u00f4me raffin\u00e9 \u00e0 des recettes comme baklavas, glaces, riz, cocktails ou th\u00e9s. Utilis\u00e9e aussi en cosm\u00e9tique naturelle et pour rafra\u00eechir la peau. Sans gluten, avec des ingr\u00e9dients simples (eau et ar\u00f4me), et en grand format 500 ml, parfaite pour un usage domestique ou professionnel.<\/p>\n","protected":false},"excerpt":{"rendered":"<p>Eau de rose Samra de haute qualit\u00e9, id\u00e9ale pour parfumer desserts, boissons et plats orientaux d\u2019une d\u00e9licate note florale. Obtenue par distillation de p\u00e9tales de rose,<span class=\"excerpt-hellip\"> [\u2026]<\/span><\/p>\n","protected":false},"featured_media":165513,"comment_status":"open","ping_status":"closed","template":"","meta":[],"product_cat":[8585,8446],"product_tag":[],"_links":{"self":[{"href":"https:\/\/www.laperlavalles.cat\/fr\/wp-json\/wp\/v2\/product\/64590"}],"collection":[{"href":"https:\/\/www.laperlavalles.cat\/fr\/wp-json\/wp\/v2\/product"}],"about":[{"href":"https:\/\/www.laperlavalles.cat\/fr\/wp-json\/wp\/v2\/types\/product"}],"replies":[{"embeddable":true,"href":"https:\/\/www.laperlavalles.cat\/fr\/wp-json\/wp\/v2\/comments?post=64590"}],"wp:featuredmedia":[{"embeddable":true,"href":"https:\/\/www.laperlavalles.cat\/fr\/wp-json\/wp\/v2\/media\/165513"}],"wp:attachment":[{"href":"https:\/\/www.laperlavalles.cat\/fr\/wp-json\/wp\/v2\/media?parent=64590"}],"wp:term":[{"taxonomy":"product_cat","embeddable":true,"href":"https:\/\/www.laperlavalles.cat\/fr\/wp-json\/wp\/v2\/product_cat?post=64590"},{"taxonomy":"product_tag","embeddable":true,"href":"https:\/\/www.laperlavalles.cat\/fr\/wp-json\/wp\/v2\/product_tag?post=64590"}],"curies":[{"name":"wp","href":"https:\/\/api.w.org\/{rel}","templated":true}]}}