{"id":64610,"date":"2021-07-12T20:22:57","date_gmt":"2021-07-12T18:23:11","guid":{"rendered":"https:\/\/www.laperlavalles2.bcntic.com\/product\/eau-de-fleur-dorange-samra\/"},"modified":"2025-06-11T11:39:34","modified_gmt":"2025-06-11T09:39:34","slug":"eau-de-fleur-dorange-samra","status":"publish","type":"product","link":"https:\/\/www.laperlavalles.cat\/fr\/produit\/eau-de-fleur-dorange-samra\/","title":{"rendered":"EAU DE FLEUR D\u2019ORANGER SAMRA 500ML"},"content":{"rendered":"<p>Eau de fleur d\u2019oranger Samra de haute qualit\u00e9, obtenue par distillation de fleurs de bigaradier. Utilis\u00e9e principalement pour parfumer desserts, p\u00e2tisseries et douceurs traditionnelles, elle apporte une note florale et fra\u00eeche d\u00e9licate. Tr\u00e8s pr\u00e9sente dans la p\u00e2tisserie m\u00e9diterran\u00e9enne et orientale, ainsi que dans les boissons et cocktails. Sans gluten, avec des ingr\u00e9dients simples (eau et ar\u00f4me), en flacon de 500 ml, parfaite pour un usage domestique ou professionnel.<\/p>\n","protected":false},"excerpt":{"rendered":"<p>Eau de fleur d\u2019oranger Samra de haute qualit\u00e9, obtenue par distillation de fleurs de bigaradier. Utilis\u00e9e principalement pour parfumer desserts, p\u00e2tisseries et douceurs traditionnelles, elle apporte<span class=\"excerpt-hellip\"> [\u2026]<\/span><\/p>\n","protected":false},"featured_media":165529,"comment_status":"open","ping_status":"closed","template":"","meta":[],"product_cat":[8585,8446],"product_tag":[],"_links":{"self":[{"href":"https:\/\/www.laperlavalles.cat\/fr\/wp-json\/wp\/v2\/product\/64610"}],"collection":[{"href":"https:\/\/www.laperlavalles.cat\/fr\/wp-json\/wp\/v2\/product"}],"about":[{"href":"https:\/\/www.laperlavalles.cat\/fr\/wp-json\/wp\/v2\/types\/product"}],"replies":[{"embeddable":true,"href":"https:\/\/www.laperlavalles.cat\/fr\/wp-json\/wp\/v2\/comments?post=64610"}],"wp:featuredmedia":[{"embeddable":true,"href":"https:\/\/www.laperlavalles.cat\/fr\/wp-json\/wp\/v2\/media\/165529"}],"wp:attachment":[{"href":"https:\/\/www.laperlavalles.cat\/fr\/wp-json\/wp\/v2\/media?parent=64610"}],"wp:term":[{"taxonomy":"product_cat","embeddable":true,"href":"https:\/\/www.laperlavalles.cat\/fr\/wp-json\/wp\/v2\/product_cat?post=64610"},{"taxonomy":"product_tag","embeddable":true,"href":"https:\/\/www.laperlavalles.cat\/fr\/wp-json\/wp\/v2\/product_tag?post=64610"}],"curies":[{"name":"wp","href":"https:\/\/api.w.org\/{rel}","templated":true}]}}