{"id":64850,"date":"2021-07-12T20:26:42","date_gmt":"2021-07-12T18:26:55","guid":{"rendered":"https:\/\/www.laperlavalles2.bcntic.com\/product\/bonbons-de-gingembre-zorro\/"},"modified":"2025-05-19T13:20:59","modified_gmt":"2025-05-19T11:20:59","slug":"bonbons-de-gingembre-zorro","status":"publish","type":"product","link":"https:\/\/www.laperlavalles.cat\/fr\/produit\/bonbons-de-gingembre-zorro\/","title":{"rendered":"BONBONS DE GINGEMBRE ZORRO"},"content":{"rendered":"<p>Les bonbons Zorro sont les c\u00e9l\u00e8bres bonbons au gingembre originaux du S\u00e9n\u00e9gal.<\/p>\n","protected":false},"excerpt":{"rendered":"<p>Les bonbons Zorro sont les c\u00e9l\u00e8bres bonbons au gingembre originaux du S\u00e9n\u00e9gal.<\/p>\n","protected":false},"featured_media":139382,"comment_status":"open","ping_status":"closed","template":"","meta":[],"product_cat":[10616],"product_tag":[],"_links":{"self":[{"href":"https:\/\/www.laperlavalles.cat\/fr\/wp-json\/wp\/v2\/product\/64850"}],"collection":[{"href":"https:\/\/www.laperlavalles.cat\/fr\/wp-json\/wp\/v2\/product"}],"about":[{"href":"https:\/\/www.laperlavalles.cat\/fr\/wp-json\/wp\/v2\/types\/product"}],"replies":[{"embeddable":true,"href":"https:\/\/www.laperlavalles.cat\/fr\/wp-json\/wp\/v2\/comments?post=64850"}],"wp:featuredmedia":[{"embeddable":true,"href":"https:\/\/www.laperlavalles.cat\/fr\/wp-json\/wp\/v2\/media\/139382"}],"wp:attachment":[{"href":"https:\/\/www.laperlavalles.cat\/fr\/wp-json\/wp\/v2\/media?parent=64850"}],"wp:term":[{"taxonomy":"product_cat","embeddable":true,"href":"https:\/\/www.laperlavalles.cat\/fr\/wp-json\/wp\/v2\/product_cat?post=64850"},{"taxonomy":"product_tag","embeddable":true,"href":"https:\/\/www.laperlavalles.cat\/fr\/wp-json\/wp\/v2\/product_tag?post=64850"}],"curies":[{"name":"wp","href":"https:\/\/api.w.org\/{rel}","templated":true}]}}