{"id":65170,"date":"2021-07-12T20:31:57","date_gmt":"2021-07-12T18:32:10","guid":{"rendered":"https:\/\/www.laperlavalles2.bcntic.com\/product\/gombo-en-poudre-halah-100gr\/"},"modified":"2025-06-20T14:10:47","modified_gmt":"2025-06-20T12:10:47","slug":"gombo-en-poudre-halah-100gr","status":"publish","type":"product","link":"https:\/\/www.laperlavalles.cat\/fr\/produit\/gombo-en-poudre-halah-100gr\/","title":{"rendered":"GOMBO EN POUDRE HALAH 100GR"},"content":{"rendered":"<p>Okra poudre Halah. La Perla est sp\u00e9cialis\u00e9e dans les produits alimentaires ethniques, les produits alimentaires mondiaux. Contactez La Perla si vous \u00eates grossiste en produits alimentaires africains.<\/p>\n","protected":false},"excerpt":{"rendered":"<p>Okra poudre Halah. La Perla est sp\u00e9cialis\u00e9e dans les produits alimentaires ethniques, les produits alimentaires mondiaux. Contactez La Perla si vous \u00eates grossiste en produits alimentaires<span class=\"excerpt-hellip\"> [\u2026]<\/span><\/p>\n","protected":false},"featured_media":162055,"comment_status":"open","ping_status":"closed","template":"","meta":[],"product_cat":[8588],"product_tag":[],"_links":{"self":[{"href":"https:\/\/www.laperlavalles.cat\/fr\/wp-json\/wp\/v2\/product\/65170"}],"collection":[{"href":"https:\/\/www.laperlavalles.cat\/fr\/wp-json\/wp\/v2\/product"}],"about":[{"href":"https:\/\/www.laperlavalles.cat\/fr\/wp-json\/wp\/v2\/types\/product"}],"replies":[{"embeddable":true,"href":"https:\/\/www.laperlavalles.cat\/fr\/wp-json\/wp\/v2\/comments?post=65170"}],"wp:featuredmedia":[{"embeddable":true,"href":"https:\/\/www.laperlavalles.cat\/fr\/wp-json\/wp\/v2\/media\/162055"}],"wp:attachment":[{"href":"https:\/\/www.laperlavalles.cat\/fr\/wp-json\/wp\/v2\/media?parent=65170"}],"wp:term":[{"taxonomy":"product_cat","embeddable":true,"href":"https:\/\/www.laperlavalles.cat\/fr\/wp-json\/wp\/v2\/product_cat?post=65170"},{"taxonomy":"product_tag","embeddable":true,"href":"https:\/\/www.laperlavalles.cat\/fr\/wp-json\/wp\/v2\/product_tag?post=65170"}],"curies":[{"name":"wp","href":"https:\/\/api.w.org\/{rel}","templated":true}]}}