{"id":65190,"date":"2021-07-12T20:32:15","date_gmt":"2021-07-12T18:32:28","guid":{"rendered":"https:\/\/www.laperlavalles2.bcntic.com\/product\/gombo-en-poudre-halah-500gr\/"},"modified":"2023-06-23T09:51:52","modified_gmt":"2023-06-23T07:51:52","slug":"gombo-en-poudre-halah-500gr","status":"publish","type":"product","link":"https:\/\/www.laperlavalles.cat\/fr\/produit\/gombo-en-poudre-halah-500gr\/","title":{"rendered":"GOMBO EN POUDRE HALAH 500GR"},"content":{"rendered":"<p>Okra poudre Halah. La Perla est sp\u00e9cialis\u00e9e dans les produits alimentaires ethniques, les produits alimentaires mondiaux. Contactez La Perla si vous \u00eates grossiste en produits alimentaires africains.<\/p>\n","protected":false},"excerpt":{"rendered":"<p>Okra poudre Halah. La Perla est sp\u00e9cialis\u00e9e dans les produits alimentaires ethniques, les produits alimentaires mondiaux. Contactez La Perla si vous \u00eates grossiste en produits alimentaires<span class=\"excerpt-hellip\"> [\u2026]<\/span><\/p>\n","protected":false},"featured_media":162071,"comment_status":"open","ping_status":"closed","template":"","meta":[],"product_cat":[8588],"product_tag":[],"_links":{"self":[{"href":"https:\/\/www.laperlavalles.cat\/fr\/wp-json\/wp\/v2\/product\/65190"}],"collection":[{"href":"https:\/\/www.laperlavalles.cat\/fr\/wp-json\/wp\/v2\/product"}],"about":[{"href":"https:\/\/www.laperlavalles.cat\/fr\/wp-json\/wp\/v2\/types\/product"}],"replies":[{"embeddable":true,"href":"https:\/\/www.laperlavalles.cat\/fr\/wp-json\/wp\/v2\/comments?post=65190"}],"wp:featuredmedia":[{"embeddable":true,"href":"https:\/\/www.laperlavalles.cat\/fr\/wp-json\/wp\/v2\/media\/162071"}],"wp:attachment":[{"href":"https:\/\/www.laperlavalles.cat\/fr\/wp-json\/wp\/v2\/media?parent=65190"}],"wp:term":[{"taxonomy":"product_cat","embeddable":true,"href":"https:\/\/www.laperlavalles.cat\/fr\/wp-json\/wp\/v2\/product_cat?post=65190"},{"taxonomy":"product_tag","embeddable":true,"href":"https:\/\/www.laperlavalles.cat\/fr\/wp-json\/wp\/v2\/product_tag?post=65190"}],"curies":[{"name":"wp","href":"https:\/\/api.w.org\/{rel}","templated":true}]}}