{"id":65610,"date":"2021-07-12T20:39:09","date_gmt":"2021-07-12T18:39:23","guid":{"rendered":"https:\/\/www.laperlavalles2.bcntic.com\/product\/bitter-leaves-lp-foods-2\/"},"modified":"2023-06-23T13:02:38","modified_gmt":"2023-06-23T11:02:38","slug":"bitter-leaves-lp-foods-2","status":"publish","type":"product","link":"https:\/\/www.laperlavalles.cat\/fr\/produit\/bitter-leaves-lp-foods-2\/","title":{"rendered":"BITTER LEAVES LP FOODS"},"content":{"rendered":"<p>Feuilles d&rsquo;\u00e9pinards s\u00e9ch\u00e9es. La Perla est sp\u00e9cialis\u00e9e dans les \u00e9pices pour la cuisine africaine.<\/p>\n","protected":false},"excerpt":{"rendered":"<p>Feuilles d&rsquo;\u00e9pinards s\u00e9ch\u00e9es. La Perla est sp\u00e9cialis\u00e9e dans les \u00e9pices pour la cuisine africaine.<\/p>\n","protected":false},"featured_media":170631,"comment_status":"open","ping_status":"closed","template":"","meta":[],"product_cat":[8588],"product_tag":[],"_links":{"self":[{"href":"https:\/\/www.laperlavalles.cat\/fr\/wp-json\/wp\/v2\/product\/65610"}],"collection":[{"href":"https:\/\/www.laperlavalles.cat\/fr\/wp-json\/wp\/v2\/product"}],"about":[{"href":"https:\/\/www.laperlavalles.cat\/fr\/wp-json\/wp\/v2\/types\/product"}],"replies":[{"embeddable":true,"href":"https:\/\/www.laperlavalles.cat\/fr\/wp-json\/wp\/v2\/comments?post=65610"}],"wp:featuredmedia":[{"embeddable":true,"href":"https:\/\/www.laperlavalles.cat\/fr\/wp-json\/wp\/v2\/media\/170631"}],"wp:attachment":[{"href":"https:\/\/www.laperlavalles.cat\/fr\/wp-json\/wp\/v2\/media?parent=65610"}],"wp:term":[{"taxonomy":"product_cat","embeddable":true,"href":"https:\/\/www.laperlavalles.cat\/fr\/wp-json\/wp\/v2\/product_cat?post=65610"},{"taxonomy":"product_tag","embeddable":true,"href":"https:\/\/www.laperlavalles.cat\/fr\/wp-json\/wp\/v2\/product_tag?post=65610"}],"curies":[{"name":"wp","href":"https:\/\/api.w.org\/{rel}","templated":true}]}}