{"id":65830,"date":"2021-07-12T20:43:13","date_gmt":"2021-07-12T18:43:27","guid":{"rendered":"https:\/\/www.laperlavalles2.bcntic.com\/product\/banku-mix-ghana-taste\/"},"modified":"2023-06-23T11:22:21","modified_gmt":"2023-06-23T09:22:21","slug":"banku-mix-ghana-taste","status":"publish","type":"product","link":"https:\/\/www.laperlavalles.cat\/fr\/produit\/banku-mix-ghana-taste\/","title":{"rendered":"BANKU MIX GHANA TASTE"},"content":{"rendered":"<p>Farine de ma\u00efs ferment\u00e9e et manioc s\u00e9ch\u00e9. Dans notre catalogue de produits, vous pouvez trouver des produits alimentaires d&rsquo;Afrique.<\/p>\n","protected":false},"excerpt":{"rendered":"<p>Farine de ma\u00efs ferment\u00e9e et manioc s\u00e9ch\u00e9. Dans notre catalogue de produits, vous pouvez trouver des produits alimentaires d&rsquo;Afrique.<\/p>\n","protected":false},"featured_media":166121,"comment_status":"open","ping_status":"closed","template":"","meta":[],"product_cat":[8589,8456],"product_tag":[],"_links":{"self":[{"href":"https:\/\/www.laperlavalles.cat\/fr\/wp-json\/wp\/v2\/product\/65830"}],"collection":[{"href":"https:\/\/www.laperlavalles.cat\/fr\/wp-json\/wp\/v2\/product"}],"about":[{"href":"https:\/\/www.laperlavalles.cat\/fr\/wp-json\/wp\/v2\/types\/product"}],"replies":[{"embeddable":true,"href":"https:\/\/www.laperlavalles.cat\/fr\/wp-json\/wp\/v2\/comments?post=65830"}],"wp:featuredmedia":[{"embeddable":true,"href":"https:\/\/www.laperlavalles.cat\/fr\/wp-json\/wp\/v2\/media\/166121"}],"wp:attachment":[{"href":"https:\/\/www.laperlavalles.cat\/fr\/wp-json\/wp\/v2\/media?parent=65830"}],"wp:term":[{"taxonomy":"product_cat","embeddable":true,"href":"https:\/\/www.laperlavalles.cat\/fr\/wp-json\/wp\/v2\/product_cat?post=65830"},{"taxonomy":"product_tag","embeddable":true,"href":"https:\/\/www.laperlavalles.cat\/fr\/wp-json\/wp\/v2\/product_tag?post=65830"}],"curies":[{"name":"wp","href":"https:\/\/api.w.org\/{rel}","templated":true}]}}