{"id":65990,"date":"2021-07-12T20:46:11","date_gmt":"2021-07-12T18:46:24","guid":{"rendered":"https:\/\/www.laperlavalles2.bcntic.com\/product\/farine-de-pois-chiche-papa-25kg\/"},"modified":"2025-03-12T14:10:15","modified_gmt":"2025-03-12T13:10:15","slug":"farine-de-pois-chiche-papa-25kg","status":"publish","type":"product","link":"https:\/\/www.laperlavalles.cat\/fr\/produit\/farine-de-pois-chiche-papa-25kg\/","title":{"rendered":"FARINE DE POIS CHICHE PAPA 25KG"},"content":{"rendered":"<p>Farine de pois chiches \u00e0 base de pois chiches moulus. Un produit id\u00e9al pour les p\u00e2tes, les pains, les sauces, les soupes &#8230; Si vous \u00eates un distributeur alimentaire, de la nourriture v\u00e9g\u00e9talienne, ou un distributeur horeca channel, contactez-nous.<\/p>\n","protected":false},"excerpt":{"rendered":"<p>Farine de pois chiches \u00e0 base de pois chiches moulus. Un produit id\u00e9al pour les p\u00e2tes, les pains, les sauces, les soupes &#8230; Si vous \u00eates<span class=\"excerpt-hellip\"> [\u2026]<\/span><\/p>\n","protected":false},"featured_media":65973,"comment_status":"open","ping_status":"closed","template":"","meta":[],"product_cat":[8589,8456],"product_tag":[],"_links":{"self":[{"href":"https:\/\/www.laperlavalles.cat\/fr\/wp-json\/wp\/v2\/product\/65990"}],"collection":[{"href":"https:\/\/www.laperlavalles.cat\/fr\/wp-json\/wp\/v2\/product"}],"about":[{"href":"https:\/\/www.laperlavalles.cat\/fr\/wp-json\/wp\/v2\/types\/product"}],"replies":[{"embeddable":true,"href":"https:\/\/www.laperlavalles.cat\/fr\/wp-json\/wp\/v2\/comments?post=65990"}],"wp:featuredmedia":[{"embeddable":true,"href":"https:\/\/www.laperlavalles.cat\/fr\/wp-json\/wp\/v2\/media\/65973"}],"wp:attachment":[{"href":"https:\/\/www.laperlavalles.cat\/fr\/wp-json\/wp\/v2\/media?parent=65990"}],"wp:term":[{"taxonomy":"product_cat","embeddable":true,"href":"https:\/\/www.laperlavalles.cat\/fr\/wp-json\/wp\/v2\/product_cat?post=65990"},{"taxonomy":"product_tag","embeddable":true,"href":"https:\/\/www.laperlavalles.cat\/fr\/wp-json\/wp\/v2\/product_tag?post=65990"}],"curies":[{"name":"wp","href":"https:\/\/api.w.org\/{rel}","templated":true}]}}