{"id":66270,"date":"2021-07-12T20:50:46","date_gmt":"2021-07-12T18:50:59","guid":{"rendered":"https:\/\/www.laperlavalles2.bcntic.com\/product\/puree-de-pomme-de-terre-lp-foods-10kg\/"},"modified":"2023-06-23T08:53:41","modified_gmt":"2023-06-23T06:53:41","slug":"puree-de-pomme-de-terre-lp-foods-10kg","status":"publish","type":"product","link":"https:\/\/www.laperlavalles.cat\/fr\/produit\/puree-de-pomme-de-terre-lp-foods-10kg\/","title":{"rendered":"PUR\u00c9E DE POMME DE TERRE LP FOODS 10KG"},"content":{"rendered":"<p>Pur\u00e9e de pommes de terre LP African Foods. Pur\u00e9e de pommes de terre ou flocons de pommes de terre.<\/p>\n","protected":false},"excerpt":{"rendered":"<p>Pur\u00e9e de pommes de terre LP African Foods. Pur\u00e9e de pommes de terre ou flocons de pommes de terre.<\/p>\n","protected":false},"featured_media":159385,"comment_status":"open","ping_status":"closed","template":"","meta":[],"product_cat":[8589,8456],"product_tag":[],"_links":{"self":[{"href":"https:\/\/www.laperlavalles.cat\/fr\/wp-json\/wp\/v2\/product\/66270"}],"collection":[{"href":"https:\/\/www.laperlavalles.cat\/fr\/wp-json\/wp\/v2\/product"}],"about":[{"href":"https:\/\/www.laperlavalles.cat\/fr\/wp-json\/wp\/v2\/types\/product"}],"replies":[{"embeddable":true,"href":"https:\/\/www.laperlavalles.cat\/fr\/wp-json\/wp\/v2\/comments?post=66270"}],"wp:featuredmedia":[{"embeddable":true,"href":"https:\/\/www.laperlavalles.cat\/fr\/wp-json\/wp\/v2\/media\/159385"}],"wp:attachment":[{"href":"https:\/\/www.laperlavalles.cat\/fr\/wp-json\/wp\/v2\/media?parent=66270"}],"wp:term":[{"taxonomy":"product_cat","embeddable":true,"href":"https:\/\/www.laperlavalles.cat\/fr\/wp-json\/wp\/v2\/product_cat?post=66270"},{"taxonomy":"product_tag","embeddable":true,"href":"https:\/\/www.laperlavalles.cat\/fr\/wp-json\/wp\/v2\/product_tag?post=66270"}],"curies":[{"name":"wp","href":"https:\/\/api.w.org\/{rel}","templated":true}]}}