{"id":66590,"date":"2021-07-12T20:56:21","date_gmt":"2021-07-12T18:56:35","guid":{"rendered":"https:\/\/www.laperlavalles2.bcntic.com\/product\/farine-manioc-25kg\/"},"modified":"2025-05-13T13:59:50","modified_gmt":"2025-05-13T11:59:50","slug":"farine-manioc-25kg","status":"publish","type":"product","link":"https:\/\/www.laperlavalles.cat\/fr\/produit\/farine-manioc-25kg\/","title":{"rendered":"FARINE MANIOC 25KG"},"content":{"rendered":"<p>Farine de manioc format industriel, id\u00e9ale pour la fili\u00e8re horeca, collectivit\u00e9s, restaurations&#8230;<\/p>\n","protected":false},"excerpt":{"rendered":"<p>Farine de manioc format industriel, id\u00e9ale pour la fili\u00e8re horeca, collectivit\u00e9s, restaurations&#8230;<\/p>\n","protected":false},"featured_media":163063,"comment_status":"open","ping_status":"closed","template":"","meta":[],"product_cat":[8589,8456],"product_tag":[],"_links":{"self":[{"href":"https:\/\/www.laperlavalles.cat\/fr\/wp-json\/wp\/v2\/product\/66590"}],"collection":[{"href":"https:\/\/www.laperlavalles.cat\/fr\/wp-json\/wp\/v2\/product"}],"about":[{"href":"https:\/\/www.laperlavalles.cat\/fr\/wp-json\/wp\/v2\/types\/product"}],"replies":[{"embeddable":true,"href":"https:\/\/www.laperlavalles.cat\/fr\/wp-json\/wp\/v2\/comments?post=66590"}],"wp:featuredmedia":[{"embeddable":true,"href":"https:\/\/www.laperlavalles.cat\/fr\/wp-json\/wp\/v2\/media\/163063"}],"wp:attachment":[{"href":"https:\/\/www.laperlavalles.cat\/fr\/wp-json\/wp\/v2\/media?parent=66590"}],"wp:term":[{"taxonomy":"product_cat","embeddable":true,"href":"https:\/\/www.laperlavalles.cat\/fr\/wp-json\/wp\/v2\/product_cat?post=66590"},{"taxonomy":"product_tag","embeddable":true,"href":"https:\/\/www.laperlavalles.cat\/fr\/wp-json\/wp\/v2\/product_tag?post=66590"}],"curies":[{"name":"wp","href":"https:\/\/api.w.org\/{rel}","templated":true}]}}