{"id":66630,"date":"2021-07-12T20:57:06","date_gmt":"2021-07-12T18:57:20","guid":{"rendered":"https:\/\/www.laperlavalles2.bcntic.com\/product\/farine-de-pois-chiche-ktc-20kg\/"},"modified":"2024-04-16T18:30:30","modified_gmt":"2024-04-16T16:30:30","slug":"farine-de-pois-chiche-ktc-20kg","status":"publish","type":"product","link":"https:\/\/www.laperlavalles.cat\/fr\/produit\/farine-de-pois-chiche-ktc-20kg\/","title":{"rendered":"FARINE DE POIS CHICHE KTC  20KG"},"content":{"rendered":"<p>Farine de pois chiches \u00e0 base de pois chiches moulus. Un produit id\u00e9al pour les p\u00e2tes, les pains, les sauces, les soupes &#8230; Si vous \u00eates un distributeur alimentaire, de la nourriture v\u00e9g\u00e9talienne, ou un distributeur horeca channel, contactez-nous.<\/p>\n","protected":false},"excerpt":{"rendered":"<p>Farine de pois chiches \u00e0 base de pois chiches moulus. Un produit id\u00e9al pour les p\u00e2tes, les pains, les sauces, les soupes &#8230; Si vous \u00eates<span class=\"excerpt-hellip\"> [\u2026]<\/span><\/p>\n","protected":false},"featured_media":164791,"comment_status":"open","ping_status":"closed","template":"","meta":[],"product_cat":[8589,8456],"product_tag":[],"_links":{"self":[{"href":"https:\/\/www.laperlavalles.cat\/fr\/wp-json\/wp\/v2\/product\/66630"}],"collection":[{"href":"https:\/\/www.laperlavalles.cat\/fr\/wp-json\/wp\/v2\/product"}],"about":[{"href":"https:\/\/www.laperlavalles.cat\/fr\/wp-json\/wp\/v2\/types\/product"}],"replies":[{"embeddable":true,"href":"https:\/\/www.laperlavalles.cat\/fr\/wp-json\/wp\/v2\/comments?post=66630"}],"wp:featuredmedia":[{"embeddable":true,"href":"https:\/\/www.laperlavalles.cat\/fr\/wp-json\/wp\/v2\/media\/164791"}],"wp:attachment":[{"href":"https:\/\/www.laperlavalles.cat\/fr\/wp-json\/wp\/v2\/media?parent=66630"}],"wp:term":[{"taxonomy":"product_cat","embeddable":true,"href":"https:\/\/www.laperlavalles.cat\/fr\/wp-json\/wp\/v2\/product_cat?post=66630"},{"taxonomy":"product_tag","embeddable":true,"href":"https:\/\/www.laperlavalles.cat\/fr\/wp-json\/wp\/v2\/product_tag?post=66630"}],"curies":[{"name":"wp","href":"https:\/\/api.w.org\/{rel}","templated":true}]}}