{"id":66670,"date":"2021-07-12T20:57:53","date_gmt":"2021-07-12T18:58:07","guid":{"rendered":"https:\/\/www.laperlavalles2.bcntic.com\/product\/aloe-vera-the-elements-500ml\/"},"modified":"2023-06-26T15:29:35","modified_gmt":"2023-06-26T13:29:35","slug":"aloe-vera-the-elements-500ml","status":"publish","type":"product","link":"https:\/\/www.laperlavalles.cat\/fr\/produit\/aloe-vera-the-elements-500ml\/","title":{"rendered":"ALOE VERA THE ELEMENTS 500ML"},"content":{"rendered":"<p>L&rsquo;Aloe Vera The Elements est une d\u00e9licieuse boisson rafra\u00eechissante sans sucre produite avec le jus de la plante Aloe Vera, connue pour ses propri\u00e9t\u00e9s m\u00e9dicinales.<\/p>\n","protected":false},"excerpt":{"rendered":"<p>L&rsquo;Aloe Vera The Elements est une d\u00e9licieuse boisson rafra\u00eechissante sans sucre produite avec le jus de la plante Aloe Vera, connue pour ses propri\u00e9t\u00e9s m\u00e9dicinales.<\/p>\n","protected":false},"featured_media":151955,"comment_status":"open","ping_status":"closed","template":"","meta":[],"product_cat":[8445,8590],"product_tag":[],"_links":{"self":[{"href":"https:\/\/www.laperlavalles.cat\/fr\/wp-json\/wp\/v2\/product\/66670"}],"collection":[{"href":"https:\/\/www.laperlavalles.cat\/fr\/wp-json\/wp\/v2\/product"}],"about":[{"href":"https:\/\/www.laperlavalles.cat\/fr\/wp-json\/wp\/v2\/types\/product"}],"replies":[{"embeddable":true,"href":"https:\/\/www.laperlavalles.cat\/fr\/wp-json\/wp\/v2\/comments?post=66670"}],"wp:featuredmedia":[{"embeddable":true,"href":"https:\/\/www.laperlavalles.cat\/fr\/wp-json\/wp\/v2\/media\/151955"}],"wp:attachment":[{"href":"https:\/\/www.laperlavalles.cat\/fr\/wp-json\/wp\/v2\/media?parent=66670"}],"wp:term":[{"taxonomy":"product_cat","embeddable":true,"href":"https:\/\/www.laperlavalles.cat\/fr\/wp-json\/wp\/v2\/product_cat?post=66670"},{"taxonomy":"product_tag","embeddable":true,"href":"https:\/\/www.laperlavalles.cat\/fr\/wp-json\/wp\/v2\/product_tag?post=66670"}],"curies":[{"name":"wp","href":"https:\/\/api.w.org\/{rel}","templated":true}]}}