{"id":66870,"date":"2021-07-12T21:01:25","date_gmt":"2021-07-12T19:01:41","guid":{"rendered":"https:\/\/www.laperlavalles2.bcntic.com\/product\/jus-de-citron-the-elements-1l\/"},"modified":"2023-06-23T11:01:21","modified_gmt":"2023-06-23T09:01:21","slug":"jus-de-citron-the-elements-1l","status":"publish","type":"product","link":"https:\/\/www.laperlavalles.cat\/fr\/produit\/jus-de-citron-the-elements-1l\/","title":{"rendered":"JUS DE CITRON THE ELEMENTS 1L"},"content":{"rendered":"<p>Le jus de citron The Elements est une boisson produite avec du jus de citron \u00e0 partir de concentr\u00e9 de citron sans sucre ajout\u00e9. C&rsquo;est un produit id\u00e9al pour la consommation directe ou comme ingr\u00e9dient culinaire.<\/p>\n","protected":false},"excerpt":{"rendered":"<p>Le jus de citron The Elements est une boisson produite avec du jus de citron \u00e0 partir de concentr\u00e9 de citron sans sucre ajout\u00e9. C&rsquo;est un<span class=\"excerpt-hellip\"> [\u2026]<\/span><\/p>\n","protected":false},"featured_media":165159,"comment_status":"open","ping_status":"closed","template":"","meta":[],"product_cat":[8445,8590],"product_tag":[],"_links":{"self":[{"href":"https:\/\/www.laperlavalles.cat\/fr\/wp-json\/wp\/v2\/product\/66870"}],"collection":[{"href":"https:\/\/www.laperlavalles.cat\/fr\/wp-json\/wp\/v2\/product"}],"about":[{"href":"https:\/\/www.laperlavalles.cat\/fr\/wp-json\/wp\/v2\/types\/product"}],"replies":[{"embeddable":true,"href":"https:\/\/www.laperlavalles.cat\/fr\/wp-json\/wp\/v2\/comments?post=66870"}],"wp:featuredmedia":[{"embeddable":true,"href":"https:\/\/www.laperlavalles.cat\/fr\/wp-json\/wp\/v2\/media\/165159"}],"wp:attachment":[{"href":"https:\/\/www.laperlavalles.cat\/fr\/wp-json\/wp\/v2\/media?parent=66870"}],"wp:term":[{"taxonomy":"product_cat","embeddable":true,"href":"https:\/\/www.laperlavalles.cat\/fr\/wp-json\/wp\/v2\/product_cat?post=66870"},{"taxonomy":"product_tag","embeddable":true,"href":"https:\/\/www.laperlavalles.cat\/fr\/wp-json\/wp\/v2\/product_tag?post=66870"}],"curies":[{"name":"wp","href":"https:\/\/api.w.org\/{rel}","templated":true}]}}