{"id":66910,"date":"2021-07-12T21:02:13","date_gmt":"2021-07-12T19:02:27","guid":{"rendered":"https:\/\/www.laperlavalles2.bcntic.com\/product\/starling-hibiscus\/"},"modified":"2023-06-23T11:27:48","modified_gmt":"2023-06-23T09:27:48","slug":"starling-hibiscus","status":"publish","type":"product","link":"https:\/\/www.laperlavalles.cat\/fr\/produit\/starling-hibiscus\/","title":{"rendered":"STARLING HIBISCUS"},"content":{"rendered":"<p>Boisson instantan\u00e9e ou infusion instantan\u00e9e \u00e0 base d&rsquo;extrait de th\u00e9 aromatis\u00e9 aux fruits.<\/p>\n","protected":false},"excerpt":{"rendered":"<p>Boisson instantan\u00e9e ou infusion instantan\u00e9e \u00e0 base d&rsquo;extrait de th\u00e9 aromatis\u00e9 aux fruits.<\/p>\n","protected":false},"featured_media":166361,"comment_status":"open","ping_status":"closed","template":"","meta":[],"product_cat":[8445,8591],"product_tag":[],"_links":{"self":[{"href":"https:\/\/www.laperlavalles.cat\/fr\/wp-json\/wp\/v2\/product\/66910"}],"collection":[{"href":"https:\/\/www.laperlavalles.cat\/fr\/wp-json\/wp\/v2\/product"}],"about":[{"href":"https:\/\/www.laperlavalles.cat\/fr\/wp-json\/wp\/v2\/types\/product"}],"replies":[{"embeddable":true,"href":"https:\/\/www.laperlavalles.cat\/fr\/wp-json\/wp\/v2\/comments?post=66910"}],"wp:featuredmedia":[{"embeddable":true,"href":"https:\/\/www.laperlavalles.cat\/fr\/wp-json\/wp\/v2\/media\/166361"}],"wp:attachment":[{"href":"https:\/\/www.laperlavalles.cat\/fr\/wp-json\/wp\/v2\/media?parent=66910"}],"wp:term":[{"taxonomy":"product_cat","embeddable":true,"href":"https:\/\/www.laperlavalles.cat\/fr\/wp-json\/wp\/v2\/product_cat?post=66910"},{"taxonomy":"product_tag","embeddable":true,"href":"https:\/\/www.laperlavalles.cat\/fr\/wp-json\/wp\/v2\/product_tag?post=66910"}],"curies":[{"name":"wp","href":"https:\/\/api.w.org\/{rel}","templated":true}]}}