{"id":66990,"date":"2021-07-12T21:03:44","date_gmt":"2021-07-12T19:03:58","guid":{"rendered":"https:\/\/www.laperlavalles2.bcntic.com\/product\/starling-the-peche\/"},"modified":"2024-07-04T15:33:08","modified_gmt":"2024-07-04T13:33:08","slug":"starling-the-peche","status":"publish","type":"product","link":"https:\/\/www.laperlavalles.cat\/fr\/produit\/starling-the-peche\/","title":{"rendered":"STARLING TH\u00c9 P\u00caCHE"},"content":{"rendered":"<p>Boisson instantan\u00e9e ou infusion instantan\u00e9e \u00e0 base d&rsquo;extrait de th\u00e9 aromatis\u00e9 aux fruits.<\/p>\n","protected":false},"excerpt":{"rendered":"<p>Boisson instantan\u00e9e ou infusion instantan\u00e9e \u00e0 base d&rsquo;extrait de th\u00e9 aromatis\u00e9 aux fruits.<\/p>\n","protected":false},"featured_media":166425,"comment_status":"open","ping_status":"closed","template":"","meta":[],"product_cat":[10616],"product_tag":[],"_links":{"self":[{"href":"https:\/\/www.laperlavalles.cat\/fr\/wp-json\/wp\/v2\/product\/66990"}],"collection":[{"href":"https:\/\/www.laperlavalles.cat\/fr\/wp-json\/wp\/v2\/product"}],"about":[{"href":"https:\/\/www.laperlavalles.cat\/fr\/wp-json\/wp\/v2\/types\/product"}],"replies":[{"embeddable":true,"href":"https:\/\/www.laperlavalles.cat\/fr\/wp-json\/wp\/v2\/comments?post=66990"}],"wp:featuredmedia":[{"embeddable":true,"href":"https:\/\/www.laperlavalles.cat\/fr\/wp-json\/wp\/v2\/media\/166425"}],"wp:attachment":[{"href":"https:\/\/www.laperlavalles.cat\/fr\/wp-json\/wp\/v2\/media?parent=66990"}],"wp:term":[{"taxonomy":"product_cat","embeddable":true,"href":"https:\/\/www.laperlavalles.cat\/fr\/wp-json\/wp\/v2\/product_cat?post=66990"},{"taxonomy":"product_tag","embeddable":true,"href":"https:\/\/www.laperlavalles.cat\/fr\/wp-json\/wp\/v2\/product_tag?post=66990"}],"curies":[{"name":"wp","href":"https:\/\/api.w.org\/{rel}","templated":true}]}}