{"id":67110,"date":"2021-07-12T21:05:43","date_gmt":"2021-07-12T19:05:57","guid":{"rendered":"https:\/\/www.laperlavalles2.bcntic.com\/product\/starling-the-vert-a-la-menthe\/"},"modified":"2023-06-23T10:48:02","modified_gmt":"2023-06-23T08:48:02","slug":"starling-the-vert-a-la-menthe","status":"publish","type":"product","link":"https:\/\/www.laperlavalles.cat\/fr\/produit\/starling-the-vert-a-la-menthe\/","title":{"rendered":"STARLING TH\u00c9 VERT \u00c0 LA MENTHE"},"content":{"rendered":"<p>Boisson instantan\u00e9e ou infusion instantan\u00e9e \u00e0 base d&rsquo;extrait de th\u00e9 aromatis\u00e9 aux fruits.<\/p>\n","protected":false},"excerpt":{"rendered":"<p>Boisson instantan\u00e9e ou infusion instantan\u00e9e \u00e0 base d&rsquo;extrait de th\u00e9 aromatis\u00e9 aux fruits.<\/p>\n","protected":false},"featured_media":164569,"comment_status":"open","ping_status":"closed","template":"","meta":[],"product_cat":[8445,8591],"product_tag":[],"_links":{"self":[{"href":"https:\/\/www.laperlavalles.cat\/fr\/wp-json\/wp\/v2\/product\/67110"}],"collection":[{"href":"https:\/\/www.laperlavalles.cat\/fr\/wp-json\/wp\/v2\/product"}],"about":[{"href":"https:\/\/www.laperlavalles.cat\/fr\/wp-json\/wp\/v2\/types\/product"}],"replies":[{"embeddable":true,"href":"https:\/\/www.laperlavalles.cat\/fr\/wp-json\/wp\/v2\/comments?post=67110"}],"wp:featuredmedia":[{"embeddable":true,"href":"https:\/\/www.laperlavalles.cat\/fr\/wp-json\/wp\/v2\/media\/164569"}],"wp:attachment":[{"href":"https:\/\/www.laperlavalles.cat\/fr\/wp-json\/wp\/v2\/media?parent=67110"}],"wp:term":[{"taxonomy":"product_cat","embeddable":true,"href":"https:\/\/www.laperlavalles.cat\/fr\/wp-json\/wp\/v2\/product_cat?post=67110"},{"taxonomy":"product_tag","embeddable":true,"href":"https:\/\/www.laperlavalles.cat\/fr\/wp-json\/wp\/v2\/product_tag?post=67110"}],"curies":[{"name":"wp","href":"https:\/\/api.w.org\/{rel}","templated":true}]}}