{"id":67130,"date":"2021-07-12T21:06:05","date_gmt":"2021-07-12T19:06:19","guid":{"rendered":"https:\/\/www.laperlavalles2.bcntic.com\/product\/starling-ginger-hot-2\/"},"modified":"2023-06-23T10:48:23","modified_gmt":"2023-06-23T08:48:23","slug":"starling-ginger-hot-2","status":"publish","type":"product","link":"https:\/\/www.laperlavalles.cat\/fr\/produit\/starling-ginger-hot-2\/","title":{"rendered":"STARLING GINGER HOT"},"content":{"rendered":"<p>Boisson instantan\u00e9e ou infusion instantan\u00e9e \u00e0 base d&rsquo;extrait de th\u00e9 aromatis\u00e9 aux fruits.<\/p>\n","protected":false},"excerpt":{"rendered":"<p>Boisson instantan\u00e9e ou infusion instantan\u00e9e \u00e0 base d&rsquo;extrait de th\u00e9 aromatis\u00e9 aux fruits.<\/p>\n","protected":false},"featured_media":164585,"comment_status":"open","ping_status":"closed","template":"","meta":[],"product_cat":[8445,8591],"product_tag":[],"_links":{"self":[{"href":"https:\/\/www.laperlavalles.cat\/fr\/wp-json\/wp\/v2\/product\/67130"}],"collection":[{"href":"https:\/\/www.laperlavalles.cat\/fr\/wp-json\/wp\/v2\/product"}],"about":[{"href":"https:\/\/www.laperlavalles.cat\/fr\/wp-json\/wp\/v2\/types\/product"}],"replies":[{"embeddable":true,"href":"https:\/\/www.laperlavalles.cat\/fr\/wp-json\/wp\/v2\/comments?post=67130"}],"wp:featuredmedia":[{"embeddable":true,"href":"https:\/\/www.laperlavalles.cat\/fr\/wp-json\/wp\/v2\/media\/164585"}],"wp:attachment":[{"href":"https:\/\/www.laperlavalles.cat\/fr\/wp-json\/wp\/v2\/media?parent=67130"}],"wp:term":[{"taxonomy":"product_cat","embeddable":true,"href":"https:\/\/www.laperlavalles.cat\/fr\/wp-json\/wp\/v2\/product_cat?post=67130"},{"taxonomy":"product_tag","embeddable":true,"href":"https:\/\/www.laperlavalles.cat\/fr\/wp-json\/wp\/v2\/product_tag?post=67130"}],"curies":[{"name":"wp","href":"https:\/\/api.w.org\/{rel}","templated":true}]}}