{"id":67430,"date":"2021-07-12T21:10:59","date_gmt":"2021-07-12T19:11:13","guid":{"rendered":"https:\/\/www.laperlavalles2.bcntic.com\/product\/bouillon-knorr-cubes-poulet-nigeria\/"},"modified":"2025-11-19T14:31:01","modified_gmt":"2025-11-19T13:31:01","slug":"bouillon-knorr-cubes-poulet-nigeria","status":"publish","type":"product","link":"https:\/\/www.laperlavalles.cat\/fr\/produit\/bouillon-knorr-cubes-poulet-nigeria\/","title":{"rendered":"BOUILLON KNORR CUBES POULET NIG\u00c9RIA"},"content":{"rendered":"<p>Bouillon \u00e0 saveur de poulet Knorr Cubes original du Nig\u00e9ria. Produit halal.<\/p>\n","protected":false},"excerpt":{"rendered":"<p>Bouillon \u00e0 saveur de poulet Knorr Cubes original du Nig\u00e9ria. Produit halal.<\/p>\n","protected":false},"featured_media":150629,"comment_status":"open","ping_status":"closed","template":"","meta":[],"product_cat":[8452],"product_tag":[],"_links":{"self":[{"href":"https:\/\/www.laperlavalles.cat\/fr\/wp-json\/wp\/v2\/product\/67430"}],"collection":[{"href":"https:\/\/www.laperlavalles.cat\/fr\/wp-json\/wp\/v2\/product"}],"about":[{"href":"https:\/\/www.laperlavalles.cat\/fr\/wp-json\/wp\/v2\/types\/product"}],"replies":[{"embeddable":true,"href":"https:\/\/www.laperlavalles.cat\/fr\/wp-json\/wp\/v2\/comments?post=67430"}],"wp:featuredmedia":[{"embeddable":true,"href":"https:\/\/www.laperlavalles.cat\/fr\/wp-json\/wp\/v2\/media\/150629"}],"wp:attachment":[{"href":"https:\/\/www.laperlavalles.cat\/fr\/wp-json\/wp\/v2\/media?parent=67430"}],"wp:term":[{"taxonomy":"product_cat","embeddable":true,"href":"https:\/\/www.laperlavalles.cat\/fr\/wp-json\/wp\/v2\/product_cat?post=67430"},{"taxonomy":"product_tag","embeddable":true,"href":"https:\/\/www.laperlavalles.cat\/fr\/wp-json\/wp\/v2\/product_tag?post=67430"}],"curies":[{"name":"wp","href":"https:\/\/api.w.org\/{rel}","templated":true}]}}