{"id":67510,"date":"2021-07-12T21:12:27","date_gmt":"2021-07-12T19:12:41","guid":{"rendered":"https:\/\/www.laperlavalles2.bcntic.com\/product\/bouillon-jumbo-62-muton\/"},"modified":"2023-06-23T10:47:41","modified_gmt":"2023-06-23T08:47:41","slug":"bouillon-jumbo-62-muton","status":"publish","type":"product","link":"https:\/\/www.laperlavalles.cat\/fr\/produit\/bouillon-jumbo-62-muton\/","title":{"rendered":"BOUILLON JUMBO 6+2 MUTON"},"content":{"rendered":"<p>Bouillon Jumbo en comprim\u00e9s \u00e0 saveur go\u00fbt mouton. Produit halal. Uniquement pour le Ramadan.<\/p>\n","protected":false},"excerpt":{"rendered":"<p>Bouillon Jumbo en comprim\u00e9s \u00e0 saveur go\u00fbt mouton. Produit halal. Uniquement pour le Ramadan.<\/p>\n","protected":false},"featured_media":164551,"comment_status":"open","ping_status":"closed","template":"","meta":[],"product_cat":[8452],"product_tag":[],"_links":{"self":[{"href":"https:\/\/www.laperlavalles.cat\/fr\/wp-json\/wp\/v2\/product\/67510"}],"collection":[{"href":"https:\/\/www.laperlavalles.cat\/fr\/wp-json\/wp\/v2\/product"}],"about":[{"href":"https:\/\/www.laperlavalles.cat\/fr\/wp-json\/wp\/v2\/types\/product"}],"replies":[{"embeddable":true,"href":"https:\/\/www.laperlavalles.cat\/fr\/wp-json\/wp\/v2\/comments?post=67510"}],"wp:featuredmedia":[{"embeddable":true,"href":"https:\/\/www.laperlavalles.cat\/fr\/wp-json\/wp\/v2\/media\/164551"}],"wp:attachment":[{"href":"https:\/\/www.laperlavalles.cat\/fr\/wp-json\/wp\/v2\/media?parent=67510"}],"wp:term":[{"taxonomy":"product_cat","embeddable":true,"href":"https:\/\/www.laperlavalles.cat\/fr\/wp-json\/wp\/v2\/product_cat?post=67510"},{"taxonomy":"product_tag","embeddable":true,"href":"https:\/\/www.laperlavalles.cat\/fr\/wp-json\/wp\/v2\/product_tag?post=67510"}],"curies":[{"name":"wp","href":"https:\/\/api.w.org\/{rel}","templated":true}]}}