{"id":67610,"date":"2021-07-12T21:13:58","date_gmt":"2021-07-12T19:14:11","guid":{"rendered":"https:\/\/www.laperlavalles2.bcntic.com\/product\/bouillon-jumbo-8p-mouton\/"},"modified":"2024-07-01T17:49:41","modified_gmt":"2024-07-01T15:49:41","slug":"bouillon-jumbo-8p-mouton","status":"publish","type":"product","link":"https:\/\/www.laperlavalles.cat\/fr\/produit\/bouillon-jumbo-8p-mouton\/","title":{"rendered":"BOUILLON JUMBO 8P MOUTON"},"content":{"rendered":"<p>Bouillon Jumbo en comprim\u00e9s \u00e0 saveur go\u00fbt mouton. Produit halal.<\/p>\n","protected":false},"excerpt":{"rendered":"<p>Bouillon Jumbo en comprim\u00e9s \u00e0 saveur go\u00fbt mouton. Produit halal.<\/p>\n","protected":false},"featured_media":158519,"comment_status":"open","ping_status":"closed","template":"","meta":[],"product_cat":[10616],"product_tag":[],"_links":{"self":[{"href":"https:\/\/www.laperlavalles.cat\/fr\/wp-json\/wp\/v2\/product\/67610"}],"collection":[{"href":"https:\/\/www.laperlavalles.cat\/fr\/wp-json\/wp\/v2\/product"}],"about":[{"href":"https:\/\/www.laperlavalles.cat\/fr\/wp-json\/wp\/v2\/types\/product"}],"replies":[{"embeddable":true,"href":"https:\/\/www.laperlavalles.cat\/fr\/wp-json\/wp\/v2\/comments?post=67610"}],"wp:featuredmedia":[{"embeddable":true,"href":"https:\/\/www.laperlavalles.cat\/fr\/wp-json\/wp\/v2\/media\/158519"}],"wp:attachment":[{"href":"https:\/\/www.laperlavalles.cat\/fr\/wp-json\/wp\/v2\/media?parent=67610"}],"wp:term":[{"taxonomy":"product_cat","embeddable":true,"href":"https:\/\/www.laperlavalles.cat\/fr\/wp-json\/wp\/v2\/product_cat?post=67610"},{"taxonomy":"product_tag","embeddable":true,"href":"https:\/\/www.laperlavalles.cat\/fr\/wp-json\/wp\/v2\/product_tag?post=67610"}],"curies":[{"name":"wp","href":"https:\/\/api.w.org\/{rel}","templated":true}]}}