{"id":67750,"date":"2021-07-12T21:16:07","date_gmt":"2021-07-12T19:16:21","guid":{"rendered":"https:\/\/www.laperlavalles2.bcntic.com\/product\/bouillon-jumbo-48p-arome-concentre\/"},"modified":"2023-06-26T15:17:46","modified_gmt":"2023-06-26T13:17:46","slug":"bouillon-jumbo-48p-arome-concentre","status":"publish","type":"product","link":"https:\/\/www.laperlavalles.cat\/fr\/produit\/bouillon-jumbo-48p-arome-concentre\/","title":{"rendered":"BOUILLON JUMBO 48P AROME CONCENTR\u00c9"},"content":{"rendered":"<p>Bouillon Jumbo en comprim\u00e9s \u00e0 saveur d&rsquo;Arome Concentr\u00e9. Produit halal.<\/p>\n","protected":false},"excerpt":{"rendered":"<p>Bouillon Jumbo en comprim\u00e9s \u00e0 saveur d&rsquo;Arome Concentr\u00e9. Produit halal.<\/p>\n","protected":false},"featured_media":148147,"comment_status":"open","ping_status":"closed","template":"","meta":[],"product_cat":[8452],"product_tag":[],"_links":{"self":[{"href":"https:\/\/www.laperlavalles.cat\/fr\/wp-json\/wp\/v2\/product\/67750"}],"collection":[{"href":"https:\/\/www.laperlavalles.cat\/fr\/wp-json\/wp\/v2\/product"}],"about":[{"href":"https:\/\/www.laperlavalles.cat\/fr\/wp-json\/wp\/v2\/types\/product"}],"replies":[{"embeddable":true,"href":"https:\/\/www.laperlavalles.cat\/fr\/wp-json\/wp\/v2\/comments?post=67750"}],"wp:featuredmedia":[{"embeddable":true,"href":"https:\/\/www.laperlavalles.cat\/fr\/wp-json\/wp\/v2\/media\/148147"}],"wp:attachment":[{"href":"https:\/\/www.laperlavalles.cat\/fr\/wp-json\/wp\/v2\/media?parent=67750"}],"wp:term":[{"taxonomy":"product_cat","embeddable":true,"href":"https:\/\/www.laperlavalles.cat\/fr\/wp-json\/wp\/v2\/product_cat?post=67750"},{"taxonomy":"product_tag","embeddable":true,"href":"https:\/\/www.laperlavalles.cat\/fr\/wp-json\/wp\/v2\/product_tag?post=67750"}],"curies":[{"name":"wp","href":"https:\/\/api.w.org\/{rel}","templated":true}]}}