{"id":67850,"date":"2021-07-12T21:17:59","date_gmt":"2021-07-12T19:18:13","guid":{"rendered":"https:\/\/www.laperlavalles2.bcntic.com\/product\/jumbo-epices-touten1-500g\/"},"modified":"2023-06-23T11:25:59","modified_gmt":"2023-06-23T09:25:59","slug":"jumbo-epices-touten1-500g","status":"publish","type":"product","link":"https:\/\/www.laperlavalles.cat\/fr\/produit\/jumbo-epices-touten1-500g\/","title":{"rendered":"JUMBO \u00c9PICES TOUTEN1 500G"},"content":{"rendered":"<p>Touten1 \u00e9pices en poudre Jumbo. Touten1 \u00e9pices en poudre est un condiment tout-en-un \u00e0 base de bouillon, de colorant et d&rsquo;\u00e9pices. Produit Halah.<\/p>\n","protected":false},"excerpt":{"rendered":"<p>Touten1 \u00e9pices en poudre Jumbo. Touten1 \u00e9pices en poudre est un condiment tout-en-un \u00e0 base de bouillon, de colorant et d&rsquo;\u00e9pices. Produit Halah.<\/p>\n","protected":false},"featured_media":166279,"comment_status":"open","ping_status":"closed","template":"","meta":[],"product_cat":[8452],"product_tag":[],"_links":{"self":[{"href":"https:\/\/www.laperlavalles.cat\/fr\/wp-json\/wp\/v2\/product\/67850"}],"collection":[{"href":"https:\/\/www.laperlavalles.cat\/fr\/wp-json\/wp\/v2\/product"}],"about":[{"href":"https:\/\/www.laperlavalles.cat\/fr\/wp-json\/wp\/v2\/types\/product"}],"replies":[{"embeddable":true,"href":"https:\/\/www.laperlavalles.cat\/fr\/wp-json\/wp\/v2\/comments?post=67850"}],"wp:featuredmedia":[{"embeddable":true,"href":"https:\/\/www.laperlavalles.cat\/fr\/wp-json\/wp\/v2\/media\/166279"}],"wp:attachment":[{"href":"https:\/\/www.laperlavalles.cat\/fr\/wp-json\/wp\/v2\/media?parent=67850"}],"wp:term":[{"taxonomy":"product_cat","embeddable":true,"href":"https:\/\/www.laperlavalles.cat\/fr\/wp-json\/wp\/v2\/product_cat?post=67850"},{"taxonomy":"product_tag","embeddable":true,"href":"https:\/\/www.laperlavalles.cat\/fr\/wp-json\/wp\/v2\/product_tag?post=67850"}],"curies":[{"name":"wp","href":"https:\/\/api.w.org\/{rel}","templated":true}]}}