{"id":68110,"date":"2021-07-12T21:22:29","date_gmt":"2021-07-12T19:22:42","guid":{"rendered":"https:\/\/www.laperlavalles2.bcntic.com\/product\/nouilles-indomie-mi-goreng-pedas-hotspicy\/"},"modified":"2023-06-23T08:36:27","modified_gmt":"2023-06-23T06:36:27","slug":"nouilles-indomie-mi-goreng-pedas-hotspicy","status":"publish","type":"product","link":"https:\/\/www.laperlavalles.cat\/fr\/produit\/nouilles-indomie-mi-goreng-pedas-hotspicy\/","title":{"rendered":"NOUILLES INDOMIE MI GORENG PEDAS HOT&amp;SPICY"},"content":{"rendered":"<p>Nouilles instantan\u00e9es Indomie Mi Goreng Hot&amp;Spicy. Nouilles instantan\u00e9es \u00e9pic\u00e9e pour les sauts. Produit Halah.<\/p>\n","protected":false},"excerpt":{"rendered":"<p>Nouilles instantan\u00e9es Indomie Mi Goreng Hot&amp;Spicy. Nouilles instantan\u00e9es \u00e9pic\u00e9e pour les sauts. Produit Halah.<\/p>\n","protected":false},"featured_media":158583,"comment_status":"open","ping_status":"closed","template":"","meta":[],"product_cat":[8453],"product_tag":[],"_links":{"self":[{"href":"https:\/\/www.laperlavalles.cat\/fr\/wp-json\/wp\/v2\/product\/68110"}],"collection":[{"href":"https:\/\/www.laperlavalles.cat\/fr\/wp-json\/wp\/v2\/product"}],"about":[{"href":"https:\/\/www.laperlavalles.cat\/fr\/wp-json\/wp\/v2\/types\/product"}],"replies":[{"embeddable":true,"href":"https:\/\/www.laperlavalles.cat\/fr\/wp-json\/wp\/v2\/comments?post=68110"}],"wp:featuredmedia":[{"embeddable":true,"href":"https:\/\/www.laperlavalles.cat\/fr\/wp-json\/wp\/v2\/media\/158583"}],"wp:attachment":[{"href":"https:\/\/www.laperlavalles.cat\/fr\/wp-json\/wp\/v2\/media?parent=68110"}],"wp:term":[{"taxonomy":"product_cat","embeddable":true,"href":"https:\/\/www.laperlavalles.cat\/fr\/wp-json\/wp\/v2\/product_cat?post=68110"},{"taxonomy":"product_tag","embeddable":true,"href":"https:\/\/www.laperlavalles.cat\/fr\/wp-json\/wp\/v2\/product_tag?post=68110"}],"curies":[{"name":"wp","href":"https:\/\/api.w.org\/{rel}","templated":true}]}}