{"id":68170,"date":"2021-07-12T21:23:27","date_gmt":"2021-07-12T19:23:41","guid":{"rendered":"https:\/\/www.laperlavalles2.bcntic.com\/product\/nouilles-indomie-vegetables-legumes\/"},"modified":"2023-06-23T08:37:27","modified_gmt":"2023-06-23T06:37:27","slug":"nouilles-indomie-vegetables-legumes","status":"publish","type":"product","link":"https:\/\/www.laperlavalles.cat\/fr\/produit\/nouilles-indomie-vegetables-legumes\/","title":{"rendered":"NOUILLES INDOMIE VEGETABLES\/L\u00c9GUMES"},"content":{"rendered":"<p>Nouilles instantan\u00e9es Indomie. Nouilles instantan\u00e9es au l\u00e9gumes. Produit Halah.<\/p>\n","protected":false},"excerpt":{"rendered":"<p>Nouilles instantan\u00e9es Indomie. Nouilles instantan\u00e9es au l\u00e9gumes. Produit Halah.<\/p>\n","protected":false},"featured_media":158631,"comment_status":"open","ping_status":"closed","template":"","meta":[],"product_cat":[8453],"product_tag":[],"_links":{"self":[{"href":"https:\/\/www.laperlavalles.cat\/fr\/wp-json\/wp\/v2\/product\/68170"}],"collection":[{"href":"https:\/\/www.laperlavalles.cat\/fr\/wp-json\/wp\/v2\/product"}],"about":[{"href":"https:\/\/www.laperlavalles.cat\/fr\/wp-json\/wp\/v2\/types\/product"}],"replies":[{"embeddable":true,"href":"https:\/\/www.laperlavalles.cat\/fr\/wp-json\/wp\/v2\/comments?post=68170"}],"wp:featuredmedia":[{"embeddable":true,"href":"https:\/\/www.laperlavalles.cat\/fr\/wp-json\/wp\/v2\/media\/158631"}],"wp:attachment":[{"href":"https:\/\/www.laperlavalles.cat\/fr\/wp-json\/wp\/v2\/media?parent=68170"}],"wp:term":[{"taxonomy":"product_cat","embeddable":true,"href":"https:\/\/www.laperlavalles.cat\/fr\/wp-json\/wp\/v2\/product_cat?post=68170"},{"taxonomy":"product_tag","embeddable":true,"href":"https:\/\/www.laperlavalles.cat\/fr\/wp-json\/wp\/v2\/product_tag?post=68170"}],"curies":[{"name":"wp","href":"https:\/\/api.w.org\/{rel}","templated":true}]}}