{"id":68310,"date":"2021-07-12T21:25:50","date_gmt":"2021-07-12T19:26:04","guid":{"rendered":"https:\/\/www.laperlavalles2.bcntic.com\/product\/nouilles-long-life\/"},"modified":"2023-06-23T10:10:04","modified_gmt":"2023-06-23T08:10:04","slug":"nouilles-long-life","status":"publish","type":"product","link":"https:\/\/www.laperlavalles.cat\/fr\/produit\/nouilles-long-life\/","title":{"rendered":"NOUILLES LONG LIFE"},"content":{"rendered":"<p>Nouilles \u00e0 cuisson rapide de longue dur\u00e9e. Nouilles \u00e0 cuisson rapide sans oeuf.<\/p>\n","protected":false},"excerpt":{"rendered":"<p>Nouilles \u00e0 cuisson rapide de longue dur\u00e9e. Nouilles \u00e0 cuisson rapide sans oeuf.<\/p>\n","protected":false},"featured_media":162857,"comment_status":"open","ping_status":"closed","template":"","meta":[],"product_cat":[8453],"product_tag":[],"_links":{"self":[{"href":"https:\/\/www.laperlavalles.cat\/fr\/wp-json\/wp\/v2\/product\/68310"}],"collection":[{"href":"https:\/\/www.laperlavalles.cat\/fr\/wp-json\/wp\/v2\/product"}],"about":[{"href":"https:\/\/www.laperlavalles.cat\/fr\/wp-json\/wp\/v2\/types\/product"}],"replies":[{"embeddable":true,"href":"https:\/\/www.laperlavalles.cat\/fr\/wp-json\/wp\/v2\/comments?post=68310"}],"wp:featuredmedia":[{"embeddable":true,"href":"https:\/\/www.laperlavalles.cat\/fr\/wp-json\/wp\/v2\/media\/162857"}],"wp:attachment":[{"href":"https:\/\/www.laperlavalles.cat\/fr\/wp-json\/wp\/v2\/media?parent=68310"}],"wp:term":[{"taxonomy":"product_cat","embeddable":true,"href":"https:\/\/www.laperlavalles.cat\/fr\/wp-json\/wp\/v2\/product_cat?post=68310"},{"taxonomy":"product_tag","embeddable":true,"href":"https:\/\/www.laperlavalles.cat\/fr\/wp-json\/wp\/v2\/product_tag?post=68310"}],"curies":[{"name":"wp","href":"https:\/\/api.w.org\/{rel}","templated":true}]}}