{"id":68670,"date":"2021-07-12T21:32:09","date_gmt":"2021-07-12T19:32:24","guid":{"rendered":"https:\/\/www.laperlavalles2.bcntic.com\/product\/sauce-de-palme-abemudro-king-africa-800gr\/"},"modified":"2023-06-23T11:01:43","modified_gmt":"2023-06-23T09:01:43","slug":"sauce-de-palme-abemudro-king-africa-800gr","status":"publish","type":"product","link":"https:\/\/www.laperlavalles.cat\/fr\/produit\/sauce-de-palme-abemudro-king-africa-800gr\/","title":{"rendered":"SAUCE DE PALME ABEMUDRO  KING AFRICA 800GR"},"content":{"rendered":"<p>Abemudro King Africa. L&rsquo;abemudro est la sauce de palme traditionnelle \u00e0 base de pulpe de palme et d&rsquo;\u00e9pices utilis\u00e9e dans la cuisine africaine.<\/p>\n","protected":false},"excerpt":{"rendered":"<p>Abemudro King Africa. L&rsquo;abemudro est la sauce de palme traditionnelle \u00e0 base de pulpe de palme et d&rsquo;\u00e9pices utilis\u00e9e dans la cuisine africaine.<\/p>\n","protected":false},"featured_media":165175,"comment_status":"open","ping_status":"closed","template":"","meta":[],"product_cat":[8451],"product_tag":[],"_links":{"self":[{"href":"https:\/\/www.laperlavalles.cat\/fr\/wp-json\/wp\/v2\/product\/68670"}],"collection":[{"href":"https:\/\/www.laperlavalles.cat\/fr\/wp-json\/wp\/v2\/product"}],"about":[{"href":"https:\/\/www.laperlavalles.cat\/fr\/wp-json\/wp\/v2\/types\/product"}],"replies":[{"embeddable":true,"href":"https:\/\/www.laperlavalles.cat\/fr\/wp-json\/wp\/v2\/comments?post=68670"}],"wp:featuredmedia":[{"embeddable":true,"href":"https:\/\/www.laperlavalles.cat\/fr\/wp-json\/wp\/v2\/media\/165175"}],"wp:attachment":[{"href":"https:\/\/www.laperlavalles.cat\/fr\/wp-json\/wp\/v2\/media?parent=68670"}],"wp:term":[{"taxonomy":"product_cat","embeddable":true,"href":"https:\/\/www.laperlavalles.cat\/fr\/wp-json\/wp\/v2\/product_cat?post=68670"},{"taxonomy":"product_tag","embeddable":true,"href":"https:\/\/www.laperlavalles.cat\/fr\/wp-json\/wp\/v2\/product_tag?post=68670"}],"curies":[{"name":"wp","href":"https:\/\/api.w.org\/{rel}","templated":true}]}}