{"id":68870,"date":"2021-07-12T21:35:52","date_gmt":"2021-07-12T19:36:06","guid":{"rendered":"https:\/\/www.laperlavalles2.bcntic.com\/product\/epinards-jean-nicolas-850ml\/"},"modified":"2025-02-20T11:20:27","modified_gmt":"2025-02-20T10:20:27","slug":"epinards-jean-nicolas-850ml","status":"publish","type":"product","link":"https:\/\/www.laperlavalles.cat\/fr\/produit\/epinards-jean-nicolas-850ml\/","title":{"rendered":"\u00c9PINARDS JEAN NICOLAS 850ML"},"content":{"rendered":"<p>Les \u00e9pinards Jean Nicolas en conserve sont des \u00e9pinards hach\u00e9s en conserve. Si vous recherchez un distributeur alimentaire, La Perla propose des produits alimentaires, des boissons et des cosm\u00e9tiques.<\/p>\n","protected":false},"excerpt":{"rendered":"<p>Les \u00e9pinards Jean Nicolas en conserve sont des \u00e9pinards hach\u00e9s en conserve. Si vous recherchez un distributeur alimentaire, La Perla propose des produits alimentaires, des boissons<span class=\"excerpt-hellip\"> [\u2026]<\/span><\/p>\n","protected":false},"featured_media":157737,"comment_status":"open","ping_status":"closed","template":"","meta":[],"product_cat":[10616],"product_tag":[],"_links":{"self":[{"href":"https:\/\/www.laperlavalles.cat\/fr\/wp-json\/wp\/v2\/product\/68870"}],"collection":[{"href":"https:\/\/www.laperlavalles.cat\/fr\/wp-json\/wp\/v2\/product"}],"about":[{"href":"https:\/\/www.laperlavalles.cat\/fr\/wp-json\/wp\/v2\/types\/product"}],"replies":[{"embeddable":true,"href":"https:\/\/www.laperlavalles.cat\/fr\/wp-json\/wp\/v2\/comments?post=68870"}],"wp:featuredmedia":[{"embeddable":true,"href":"https:\/\/www.laperlavalles.cat\/fr\/wp-json\/wp\/v2\/media\/157737"}],"wp:attachment":[{"href":"https:\/\/www.laperlavalles.cat\/fr\/wp-json\/wp\/v2\/media?parent=68870"}],"wp:term":[{"taxonomy":"product_cat","embeddable":true,"href":"https:\/\/www.laperlavalles.cat\/fr\/wp-json\/wp\/v2\/product_cat?post=68870"},{"taxonomy":"product_tag","embeddable":true,"href":"https:\/\/www.laperlavalles.cat\/fr\/wp-json\/wp\/v2\/product_tag?post=68870"}],"curies":[{"name":"wp","href":"https:\/\/api.w.org\/{rel}","templated":true}]}}