{"id":69150,"date":"2021-07-12T21:40:20","date_gmt":"2021-07-12T19:40:34","guid":{"rendered":"https:\/\/www.laperlavalles2.bcntic.com\/product\/madd-au-piment-preserve-zena\/"},"modified":"2023-06-26T15:29:07","modified_gmt":"2023-06-26T13:29:07","slug":"madd-au-piment-preserve-zena","status":"publish","type":"product","link":"https:\/\/www.laperlavalles.cat\/fr\/produit\/madd-au-piment-preserve-zena\/","title":{"rendered":"MADD AU PIMENT PRESERV\u00c9 ZENA"},"content":{"rendered":"<p>La confiture Madd&rsquo;s ou confiture madd&rsquo;s est un produit original et tr\u00e8s appr\u00e9ci\u00e9 au S\u00e9n\u00e9gal. La conserve de Madd est le fruit en conserve de Madd \u00e9pic\u00e9.<\/p>\n","protected":false},"excerpt":{"rendered":"<p>La confiture Madd&rsquo;s ou confiture madd&rsquo;s est un produit original et tr\u00e8s appr\u00e9ci\u00e9 au S\u00e9n\u00e9gal. La conserve de Madd est le fruit en conserve de Madd<span class=\"excerpt-hellip\"> [\u2026]<\/span><\/p>\n","protected":false},"featured_media":151045,"comment_status":"open","ping_status":"closed","template":"","meta":[],"product_cat":[8448],"product_tag":[],"_links":{"self":[{"href":"https:\/\/www.laperlavalles.cat\/fr\/wp-json\/wp\/v2\/product\/69150"}],"collection":[{"href":"https:\/\/www.laperlavalles.cat\/fr\/wp-json\/wp\/v2\/product"}],"about":[{"href":"https:\/\/www.laperlavalles.cat\/fr\/wp-json\/wp\/v2\/types\/product"}],"replies":[{"embeddable":true,"href":"https:\/\/www.laperlavalles.cat\/fr\/wp-json\/wp\/v2\/comments?post=69150"}],"wp:featuredmedia":[{"embeddable":true,"href":"https:\/\/www.laperlavalles.cat\/fr\/wp-json\/wp\/v2\/media\/151045"}],"wp:attachment":[{"href":"https:\/\/www.laperlavalles.cat\/fr\/wp-json\/wp\/v2\/media?parent=69150"}],"wp:term":[{"taxonomy":"product_cat","embeddable":true,"href":"https:\/\/www.laperlavalles.cat\/fr\/wp-json\/wp\/v2\/product_cat?post=69150"},{"taxonomy":"product_tag","embeddable":true,"href":"https:\/\/www.laperlavalles.cat\/fr\/wp-json\/wp\/v2\/product_tag?post=69150"}],"curies":[{"name":"wp","href":"https:\/\/api.w.org\/{rel}","templated":true}]}}