{"id":69330,"date":"2021-07-12T21:43:16","date_gmt":"2021-07-12T19:43:29","guid":{"rendered":"https:\/\/www.laperlavalles2.bcntic.com\/product\/organic-olive-oil-relaxer-super-1875oz-2\/"},"modified":"2023-06-23T09:32:01","modified_gmt":"2023-06-23T07:32:01","slug":"organic-olive-oil-relaxer-super-1875oz-2","status":"publish","type":"product","link":"https:\/\/www.laperlavalles.cat\/fr\/produit\/organic-olive-oil-relaxer-super-1875oz-2\/","title":{"rendered":"ORGANIC OLIVE OIL RELAXER SUPER 18,75OZ"},"content":{"rendered":"<p>Organic Olive Oil Relaxer Cup Super est une cr\u00e8me lissante pour cheveux boucl\u00e9s, afro ou ondul\u00e9s.<\/p>\n","protected":false},"excerpt":{"rendered":"<p>Organic Olive Oil Relaxer Cup Super est une cr\u00e8me lissante pour cheveux boucl\u00e9s, afro ou ondul\u00e9s.<\/p>\n","protected":false},"featured_media":161159,"comment_status":"open","ping_status":"closed","template":"","meta":[],"product_cat":[8461,24331],"product_tag":[],"_links":{"self":[{"href":"https:\/\/www.laperlavalles.cat\/fr\/wp-json\/wp\/v2\/product\/69330"}],"collection":[{"href":"https:\/\/www.laperlavalles.cat\/fr\/wp-json\/wp\/v2\/product"}],"about":[{"href":"https:\/\/www.laperlavalles.cat\/fr\/wp-json\/wp\/v2\/types\/product"}],"replies":[{"embeddable":true,"href":"https:\/\/www.laperlavalles.cat\/fr\/wp-json\/wp\/v2\/comments?post=69330"}],"wp:featuredmedia":[{"embeddable":true,"href":"https:\/\/www.laperlavalles.cat\/fr\/wp-json\/wp\/v2\/media\/161159"}],"wp:attachment":[{"href":"https:\/\/www.laperlavalles.cat\/fr\/wp-json\/wp\/v2\/media?parent=69330"}],"wp:term":[{"taxonomy":"product_cat","embeddable":true,"href":"https:\/\/www.laperlavalles.cat\/fr\/wp-json\/wp\/v2\/product_cat?post=69330"},{"taxonomy":"product_tag","embeddable":true,"href":"https:\/\/www.laperlavalles.cat\/fr\/wp-json\/wp\/v2\/product_tag?post=69330"}],"curies":[{"name":"wp","href":"https:\/\/api.w.org\/{rel}","templated":true}]}}