{"id":69350,"date":"2021-07-12T21:43:34","date_gmt":"2021-07-12T19:43:47","guid":{"rendered":"https:\/\/www.laperlavalles2.bcntic.com\/product\/dax-pomade-35oz-2\/"},"modified":"2023-06-23T09:32:22","modified_gmt":"2023-06-23T07:32:22","slug":"dax-pomade-35oz-2","status":"publish","type":"product","link":"https:\/\/www.laperlavalles.cat\/fr\/produit\/dax-pomade-35oz-2\/","title":{"rendered":"DAX POMADE 3,5OZ"},"content":{"rendered":"<p>Dax Pommade est une cr\u00e8me hydratante pour cheveux boucl\u00e9s enrichie en huiles v\u00e9g\u00e9tales. <\/p>\n","protected":false},"excerpt":{"rendered":"<p>Dax Pommade est une cr\u00e8me hydratante pour cheveux boucl\u00e9s enrichie en huiles v\u00e9g\u00e9tales.<\/p>\n","protected":false},"featured_media":161175,"comment_status":"open","ping_status":"closed","template":"","meta":[],"product_cat":[8461,24331],"product_tag":[],"_links":{"self":[{"href":"https:\/\/www.laperlavalles.cat\/fr\/wp-json\/wp\/v2\/product\/69350"}],"collection":[{"href":"https:\/\/www.laperlavalles.cat\/fr\/wp-json\/wp\/v2\/product"}],"about":[{"href":"https:\/\/www.laperlavalles.cat\/fr\/wp-json\/wp\/v2\/types\/product"}],"replies":[{"embeddable":true,"href":"https:\/\/www.laperlavalles.cat\/fr\/wp-json\/wp\/v2\/comments?post=69350"}],"wp:featuredmedia":[{"embeddable":true,"href":"https:\/\/www.laperlavalles.cat\/fr\/wp-json\/wp\/v2\/media\/161175"}],"wp:attachment":[{"href":"https:\/\/www.laperlavalles.cat\/fr\/wp-json\/wp\/v2\/media?parent=69350"}],"wp:term":[{"taxonomy":"product_cat","embeddable":true,"href":"https:\/\/www.laperlavalles.cat\/fr\/wp-json\/wp\/v2\/product_cat?post=69350"},{"taxonomy":"product_tag","embeddable":true,"href":"https:\/\/www.laperlavalles.cat\/fr\/wp-json\/wp\/v2\/product_tag?post=69350"}],"curies":[{"name":"wp","href":"https:\/\/api.w.org\/{rel}","templated":true}]}}