{"id":69390,"date":"2021-07-12T21:44:11","date_gmt":"2021-07-12T19:44:24","guid":{"rendered":"https:\/\/www.laperlavalles2.bcntic.com\/product\/tcb-hair-relaxer-super-75oz-2\/"},"modified":"2023-06-26T15:20:15","modified_gmt":"2023-06-26T13:20:15","slug":"tcb-hair-relaxer-super-75oz-2","status":"publish","type":"product","link":"https:\/\/www.laperlavalles.cat\/fr\/produit\/tcb-hair-relaxer-super-75oz-2\/","title":{"rendered":"TCB HAIR RELAXER SUPER 7,5OZ"},"content":{"rendered":"<p>TCB Hair Relaxer Super est une cr\u00e8me lissante pour cheveux boucl\u00e9s, afro ou ondul\u00e9s.<\/p>\n","protected":false},"excerpt":{"rendered":"<p>TCB Hair Relaxer Super est une cr\u00e8me lissante pour cheveux boucl\u00e9s, afro ou ondul\u00e9s.<\/p>\n","protected":false},"featured_media":148403,"comment_status":"open","ping_status":"closed","template":"","meta":[],"product_cat":[8461,24331],"product_tag":[],"_links":{"self":[{"href":"https:\/\/www.laperlavalles.cat\/fr\/wp-json\/wp\/v2\/product\/69390"}],"collection":[{"href":"https:\/\/www.laperlavalles.cat\/fr\/wp-json\/wp\/v2\/product"}],"about":[{"href":"https:\/\/www.laperlavalles.cat\/fr\/wp-json\/wp\/v2\/types\/product"}],"replies":[{"embeddable":true,"href":"https:\/\/www.laperlavalles.cat\/fr\/wp-json\/wp\/v2\/comments?post=69390"}],"wp:featuredmedia":[{"embeddable":true,"href":"https:\/\/www.laperlavalles.cat\/fr\/wp-json\/wp\/v2\/media\/148403"}],"wp:attachment":[{"href":"https:\/\/www.laperlavalles.cat\/fr\/wp-json\/wp\/v2\/media?parent=69390"}],"wp:term":[{"taxonomy":"product_cat","embeddable":true,"href":"https:\/\/www.laperlavalles.cat\/fr\/wp-json\/wp\/v2\/product_cat?post=69390"},{"taxonomy":"product_tag","embeddable":true,"href":"https:\/\/www.laperlavalles.cat\/fr\/wp-json\/wp\/v2\/product_tag?post=69390"}],"curies":[{"name":"wp","href":"https:\/\/api.w.org\/{rel}","templated":true}]}}