{"id":69530,"date":"2021-07-12T21:46:34","date_gmt":"2021-07-12T19:46:47","guid":{"rendered":"https:\/\/www.laperlavalles2.bcntic.com\/product\/dax-pomade-14oz\/"},"modified":"2023-06-26T15:13:04","modified_gmt":"2023-06-26T13:13:04","slug":"dax-pomade-14oz","status":"publish","type":"product","link":"https:\/\/www.laperlavalles.cat\/fr\/produit\/dax-pomade-14oz\/","title":{"rendered":"DAX POMADE 14OZ"},"content":{"rendered":"<p>Dax Pommade est une cr\u00e8me hydratante pour cheveux boucl\u00e9s enrichie en huiles v\u00e9g\u00e9tales. <\/p>\n","protected":false},"excerpt":{"rendered":"<p>Dax Pommade est une cr\u00e8me hydratante pour cheveux boucl\u00e9s enrichie en huiles v\u00e9g\u00e9tales.<\/p>\n","protected":false},"featured_media":147187,"comment_status":"open","ping_status":"closed","template":"","meta":[],"product_cat":[8461,24331],"product_tag":[],"_links":{"self":[{"href":"https:\/\/www.laperlavalles.cat\/fr\/wp-json\/wp\/v2\/product\/69530"}],"collection":[{"href":"https:\/\/www.laperlavalles.cat\/fr\/wp-json\/wp\/v2\/product"}],"about":[{"href":"https:\/\/www.laperlavalles.cat\/fr\/wp-json\/wp\/v2\/types\/product"}],"replies":[{"embeddable":true,"href":"https:\/\/www.laperlavalles.cat\/fr\/wp-json\/wp\/v2\/comments?post=69530"}],"wp:featuredmedia":[{"embeddable":true,"href":"https:\/\/www.laperlavalles.cat\/fr\/wp-json\/wp\/v2\/media\/147187"}],"wp:attachment":[{"href":"https:\/\/www.laperlavalles.cat\/fr\/wp-json\/wp\/v2\/media?parent=69530"}],"wp:term":[{"taxonomy":"product_cat","embeddable":true,"href":"https:\/\/www.laperlavalles.cat\/fr\/wp-json\/wp\/v2\/product_cat?post=69530"},{"taxonomy":"product_tag","embeddable":true,"href":"https:\/\/www.laperlavalles.cat\/fr\/wp-json\/wp\/v2\/product_tag?post=69530"}],"curies":[{"name":"wp","href":"https:\/\/api.w.org\/{rel}","templated":true}]}}