{"id":69870,"date":"2021-07-12T21:52:08","date_gmt":"2021-07-12T19:52:22","guid":{"rendered":"https:\/\/www.laperlavalles2.bcntic.com\/product\/revlon-relaxer-super-15oz-2\/"},"modified":"2024-10-04T10:21:32","modified_gmt":"2024-10-04T08:21:32","slug":"revlon-relaxer-super-15oz-2","status":"publish","type":"product","link":"https:\/\/www.laperlavalles.cat\/fr\/produit\/revlon-relaxer-super-15oz-2\/","title":{"rendered":"REVLON RELAXER SUPER 15OZ"},"content":{"rendered":"<p>Revlon Relaxer Super est une cr\u00e8me lissante pour cheveux boucl\u00e9s, afro ou ondul\u00e9s.<\/p>\n","protected":false},"excerpt":{"rendered":"<p>Revlon Relaxer Super est une cr\u00e8me lissante pour cheveux boucl\u00e9s, afro ou ondul\u00e9s.<\/p>\n","protected":false},"featured_media":147379,"comment_status":"open","ping_status":"closed","template":"","meta":[],"product_cat":[10616],"product_tag":[],"_links":{"self":[{"href":"https:\/\/www.laperlavalles.cat\/fr\/wp-json\/wp\/v2\/product\/69870"}],"collection":[{"href":"https:\/\/www.laperlavalles.cat\/fr\/wp-json\/wp\/v2\/product"}],"about":[{"href":"https:\/\/www.laperlavalles.cat\/fr\/wp-json\/wp\/v2\/types\/product"}],"replies":[{"embeddable":true,"href":"https:\/\/www.laperlavalles.cat\/fr\/wp-json\/wp\/v2\/comments?post=69870"}],"wp:featuredmedia":[{"embeddable":true,"href":"https:\/\/www.laperlavalles.cat\/fr\/wp-json\/wp\/v2\/media\/147379"}],"wp:attachment":[{"href":"https:\/\/www.laperlavalles.cat\/fr\/wp-json\/wp\/v2\/media?parent=69870"}],"wp:term":[{"taxonomy":"product_cat","embeddable":true,"href":"https:\/\/www.laperlavalles.cat\/fr\/wp-json\/wp\/v2\/product_cat?post=69870"},{"taxonomy":"product_tag","embeddable":true,"href":"https:\/\/www.laperlavalles.cat\/fr\/wp-json\/wp\/v2\/product_tag?post=69870"}],"curies":[{"name":"wp","href":"https:\/\/api.w.org\/{rel}","templated":true}]}}