{"id":70050,"date":"2021-07-12T21:55:15","date_gmt":"2021-07-12T19:55:29","guid":{"rendered":"https:\/\/www.laperlavalles2.bcntic.com\/product\/creme-de-bouclage-avocat-cantu\/"},"modified":"2023-06-23T12:52:39","modified_gmt":"2023-06-23T10:52:39","slug":"creme-de-bouclage-avocat-cantu","status":"publish","type":"product","link":"https:\/\/www.laperlavalles.cat\/fr\/produit\/creme-de-bouclage-avocat-cantu\/","title":{"rendered":"CANTU AVOCADO CURLING CREAM"},"content":{"rendered":"<p>Cr\u00e8me de bouclage \u00e0 base d&rsquo;huile d&rsquo;avocat et de beurre de karit\u00e9.<\/p>\n","protected":false},"excerpt":{"rendered":"<p>Cr\u00e8me de bouclage \u00e0 base d&rsquo;huile d&rsquo;avocat et de beurre de karit\u00e9.<\/p>\n","protected":false},"featured_media":170183,"comment_status":"open","ping_status":"closed","template":"","meta":[],"product_cat":[8461,24331],"product_tag":[],"_links":{"self":[{"href":"https:\/\/www.laperlavalles.cat\/fr\/wp-json\/wp\/v2\/product\/70050"}],"collection":[{"href":"https:\/\/www.laperlavalles.cat\/fr\/wp-json\/wp\/v2\/product"}],"about":[{"href":"https:\/\/www.laperlavalles.cat\/fr\/wp-json\/wp\/v2\/types\/product"}],"replies":[{"embeddable":true,"href":"https:\/\/www.laperlavalles.cat\/fr\/wp-json\/wp\/v2\/comments?post=70050"}],"wp:featuredmedia":[{"embeddable":true,"href":"https:\/\/www.laperlavalles.cat\/fr\/wp-json\/wp\/v2\/media\/170183"}],"wp:attachment":[{"href":"https:\/\/www.laperlavalles.cat\/fr\/wp-json\/wp\/v2\/media?parent=70050"}],"wp:term":[{"taxonomy":"product_cat","embeddable":true,"href":"https:\/\/www.laperlavalles.cat\/fr\/wp-json\/wp\/v2\/product_cat?post=70050"},{"taxonomy":"product_tag","embeddable":true,"href":"https:\/\/www.laperlavalles.cat\/fr\/wp-json\/wp\/v2\/product_tag?post=70050"}],"curies":[{"name":"wp","href":"https:\/\/api.w.org\/{rel}","templated":true}]}}