{"id":70390,"date":"2021-07-12T22:01:39","date_gmt":"2021-07-12T20:01:54","guid":{"rendered":"https:\/\/www.laperlavalles2.bcntic.com\/product\/gel-proteine-fonce-eco-style\/"},"modified":"2022-06-30T13:26:34","modified_gmt":"2022-06-30T11:26:34","slug":"gel-proteine-fonce-eco-style","status":"publish","type":"product","link":"https:\/\/www.laperlavalles.cat\/fr\/produit\/gel-proteine-fonce-eco-style\/","title":{"rendered":"GEL PROT\u00c9IN\u00c9 FONC\u00c9 ECO STYLE"},"content":{"rendered":"<p>Gel prot\u00e9in\u00e9 fonc\u00e9 eco style. Gel fixateur pour cheveux secs et ab\u00eem\u00e9s.<\/p>\n","protected":false},"excerpt":{"rendered":"<p>Gel prot\u00e9in\u00e9 fonc\u00e9 eco style. Gel fixateur pour cheveux secs et ab\u00eem\u00e9s.<\/p>\n","protected":false},"featured_media":112494,"comment_status":"open","ping_status":"closed","template":"","meta":[],"product_cat":[8461],"product_tag":[],"_links":{"self":[{"href":"https:\/\/www.laperlavalles.cat\/fr\/wp-json\/wp\/v2\/product\/70390"}],"collection":[{"href":"https:\/\/www.laperlavalles.cat\/fr\/wp-json\/wp\/v2\/product"}],"about":[{"href":"https:\/\/www.laperlavalles.cat\/fr\/wp-json\/wp\/v2\/types\/product"}],"replies":[{"embeddable":true,"href":"https:\/\/www.laperlavalles.cat\/fr\/wp-json\/wp\/v2\/comments?post=70390"}],"wp:featuredmedia":[{"embeddable":true,"href":"https:\/\/www.laperlavalles.cat\/fr\/wp-json\/wp\/v2\/media\/112494"}],"wp:attachment":[{"href":"https:\/\/www.laperlavalles.cat\/fr\/wp-json\/wp\/v2\/media?parent=70390"}],"wp:term":[{"taxonomy":"product_cat","embeddable":true,"href":"https:\/\/www.laperlavalles.cat\/fr\/wp-json\/wp\/v2\/product_cat?post=70390"},{"taxonomy":"product_tag","embeddable":true,"href":"https:\/\/www.laperlavalles.cat\/fr\/wp-json\/wp\/v2\/product_tag?post=70390"}],"curies":[{"name":"wp","href":"https:\/\/api.w.org\/{rel}","templated":true}]}}