{"id":70430,"date":"2021-07-12T22:02:27","date_gmt":"2021-07-12T20:02:42","guid":{"rendered":"https:\/\/www.laperlavalles2.bcntic.com\/product\/dax-kocatah-14oz-2\/"},"modified":"2024-04-26T11:48:43","modified_gmt":"2024-04-26T09:48:43","slug":"dax-kocatah-14oz-2","status":"publish","type":"product","link":"https:\/\/www.laperlavalles.cat\/fr\/produit\/dax-kocatah-14oz-2\/","title":{"rendered":"DAX KOCATAH 14OZ"},"content":{"rendered":"<p>Dax Kocatah est une cr\u00e8me hydratante pour cheveux boucl\u00e9s enrichie en huile de coco, recommand\u00e9e pour les cheveux au cuir chevelu sec. <\/p>\n","protected":false},"excerpt":{"rendered":"<p>Dax Kocatah est une cr\u00e8me hydratante pour cheveux boucl\u00e9s enrichie en huile de coco, recommand\u00e9e pour les cheveux au cuir chevelu sec.<\/p>\n","protected":false},"featured_media":169927,"comment_status":"open","ping_status":"closed","template":"","meta":[],"product_cat":[10616],"product_tag":[],"_links":{"self":[{"href":"https:\/\/www.laperlavalles.cat\/fr\/wp-json\/wp\/v2\/product\/70430"}],"collection":[{"href":"https:\/\/www.laperlavalles.cat\/fr\/wp-json\/wp\/v2\/product"}],"about":[{"href":"https:\/\/www.laperlavalles.cat\/fr\/wp-json\/wp\/v2\/types\/product"}],"replies":[{"embeddable":true,"href":"https:\/\/www.laperlavalles.cat\/fr\/wp-json\/wp\/v2\/comments?post=70430"}],"wp:featuredmedia":[{"embeddable":true,"href":"https:\/\/www.laperlavalles.cat\/fr\/wp-json\/wp\/v2\/media\/169927"}],"wp:attachment":[{"href":"https:\/\/www.laperlavalles.cat\/fr\/wp-json\/wp\/v2\/media?parent=70430"}],"wp:term":[{"taxonomy":"product_cat","embeddable":true,"href":"https:\/\/www.laperlavalles.cat\/fr\/wp-json\/wp\/v2\/product_cat?post=70430"},{"taxonomy":"product_tag","embeddable":true,"href":"https:\/\/www.laperlavalles.cat\/fr\/wp-json\/wp\/v2\/product_tag?post=70430"}],"curies":[{"name":"wp","href":"https:\/\/api.w.org\/{rel}","templated":true}]}}