{"id":70790,"date":"2021-07-12T22:09:19","date_gmt":"2021-07-12T20:09:34","guid":{"rendered":"https:\/\/www.laperlavalles2.bcntic.com\/product\/huile-de-coco-baobab-ors-vital-et-reparateur-de-cheveux\/"},"modified":"2024-05-14T09:31:49","modified_gmt":"2024-05-14T07:31:49","slug":"huile-de-coco-baobab-ors-vital-et-reparateur-de-cheveux","status":"publish","type":"product","link":"https:\/\/www.laperlavalles.cat\/fr\/produit\/huile-de-coco-baobab-ors-vital-et-reparateur-de-cheveux\/","title":{"rendered":"ORS HAIREPAIR COCONUTOIL&amp;BAOBAB VITAL OIL"},"content":{"rendered":"<p>Huile hydratante et lissante pour cheveux d\u00e9shydrat\u00e9s et ab\u00eem\u00e9s.<\/p>\n","protected":false},"excerpt":{"rendered":"<p>Huile hydratante et lissante pour cheveux d\u00e9shydrat\u00e9s et ab\u00eem\u00e9s.<\/p>\n","protected":false},"featured_media":166599,"comment_status":"open","ping_status":"closed","template":"","meta":[],"product_cat":[8461,24331],"product_tag":[],"_links":{"self":[{"href":"https:\/\/www.laperlavalles.cat\/fr\/wp-json\/wp\/v2\/product\/70790"}],"collection":[{"href":"https:\/\/www.laperlavalles.cat\/fr\/wp-json\/wp\/v2\/product"}],"about":[{"href":"https:\/\/www.laperlavalles.cat\/fr\/wp-json\/wp\/v2\/types\/product"}],"replies":[{"embeddable":true,"href":"https:\/\/www.laperlavalles.cat\/fr\/wp-json\/wp\/v2\/comments?post=70790"}],"wp:featuredmedia":[{"embeddable":true,"href":"https:\/\/www.laperlavalles.cat\/fr\/wp-json\/wp\/v2\/media\/166599"}],"wp:attachment":[{"href":"https:\/\/www.laperlavalles.cat\/fr\/wp-json\/wp\/v2\/media?parent=70790"}],"wp:term":[{"taxonomy":"product_cat","embeddable":true,"href":"https:\/\/www.laperlavalles.cat\/fr\/wp-json\/wp\/v2\/product_cat?post=70790"},{"taxonomy":"product_tag","embeddable":true,"href":"https:\/\/www.laperlavalles.cat\/fr\/wp-json\/wp\/v2\/product_tag?post=70790"}],"curies":[{"name":"wp","href":"https:\/\/api.w.org\/{rel}","templated":true}]}}