{"id":70870,"date":"2021-07-12T22:10:50","date_gmt":"2021-07-12T20:11:04","guid":{"rendered":"https:\/\/www.laperlavalles2.bcntic.com\/product\/huile-dolive-remplissage-cond-prof\/"},"modified":"2023-06-23T11:34:37","modified_gmt":"2023-06-23T09:34:37","slug":"huile-dolive-remplissage-cond-prof","status":"publish","type":"product","link":"https:\/\/www.laperlavalles.cat\/fr\/produit\/huile-dolive-remplissage-cond-prof\/","title":{"rendered":"HUILE D&rsquo;OLIVE REMPLISSAGE COND PROF"},"content":{"rendered":"<p>Huile d&rsquo;olive remplissage cond prof. Apr\u00e8s-shampooing hydratant et r\u00e9parateur \u00e0 l&rsquo;huile d&rsquo;olive et \u00e0 l&rsquo;huile d&rsquo;oranger.<\/p>\n","protected":false},"excerpt":{"rendered":"<p>Huile d&rsquo;olive remplissage cond prof. Apr\u00e8s-shampooing hydratant et r\u00e9parateur \u00e0 l&rsquo;huile d&rsquo;olive et \u00e0 l&rsquo;huile d&rsquo;oranger.<\/p>\n","protected":false},"featured_media":166663,"comment_status":"open","ping_status":"closed","template":"","meta":[],"product_cat":[8461],"product_tag":[],"_links":{"self":[{"href":"https:\/\/www.laperlavalles.cat\/fr\/wp-json\/wp\/v2\/product\/70870"}],"collection":[{"href":"https:\/\/www.laperlavalles.cat\/fr\/wp-json\/wp\/v2\/product"}],"about":[{"href":"https:\/\/www.laperlavalles.cat\/fr\/wp-json\/wp\/v2\/types\/product"}],"replies":[{"embeddable":true,"href":"https:\/\/www.laperlavalles.cat\/fr\/wp-json\/wp\/v2\/comments?post=70870"}],"wp:featuredmedia":[{"embeddable":true,"href":"https:\/\/www.laperlavalles.cat\/fr\/wp-json\/wp\/v2\/media\/166663"}],"wp:attachment":[{"href":"https:\/\/www.laperlavalles.cat\/fr\/wp-json\/wp\/v2\/media?parent=70870"}],"wp:term":[{"taxonomy":"product_cat","embeddable":true,"href":"https:\/\/www.laperlavalles.cat\/fr\/wp-json\/wp\/v2\/product_cat?post=70870"},{"taxonomy":"product_tag","embeddable":true,"href":"https:\/\/www.laperlavalles.cat\/fr\/wp-json\/wp\/v2\/product_tag?post=70870"}],"curies":[{"name":"wp","href":"https:\/\/api.w.org\/{rel}","templated":true}]}}