{"id":71150,"date":"2021-07-12T22:16:05","date_gmt":"2021-07-12T20:16:20","guid":{"rendered":"https:\/\/www.laperlavalles2.bcntic.com\/product\/dl-precise-diamond-relaxer-regular-2\/"},"modified":"2024-05-24T15:41:38","modified_gmt":"2024-05-24T13:41:38","slug":"dl-precise-diamond-relaxer-regular-2","status":"publish","type":"product","link":"https:\/\/www.laperlavalles.cat\/fr\/produit\/dl-precise-diamond-relaxer-regular-2\/","title":{"rendered":"D&amp;L PRECISE DIAMOND RELAXER REGULAR"},"content":{"rendered":"<p>Dark &amp; Lovely  Precise Diamond Relaxer Cup est une cr\u00e8me lissante pour cheveux boucl\u00e9s, afro ou ondul\u00e9s. Contactez-nous si vous recherchez un fournisseur de produits de d\u00e9frisage afro.<\/p>\n","protected":false},"excerpt":{"rendered":"<p>Dark &amp; Lovely Precise Diamond Relaxer Cup est une cr\u00e8me lissante pour cheveux boucl\u00e9s, afro ou ondul\u00e9s. Contactez-nous si vous recherchez un fournisseur de produits de<span class=\"excerpt-hellip\"> [\u2026]<\/span><\/p>\n","protected":false},"featured_media":154419,"comment_status":"open","ping_status":"closed","template":"","meta":[],"product_cat":[8461,24331],"product_tag":[],"_links":{"self":[{"href":"https:\/\/www.laperlavalles.cat\/fr\/wp-json\/wp\/v2\/product\/71150"}],"collection":[{"href":"https:\/\/www.laperlavalles.cat\/fr\/wp-json\/wp\/v2\/product"}],"about":[{"href":"https:\/\/www.laperlavalles.cat\/fr\/wp-json\/wp\/v2\/types\/product"}],"replies":[{"embeddable":true,"href":"https:\/\/www.laperlavalles.cat\/fr\/wp-json\/wp\/v2\/comments?post=71150"}],"wp:featuredmedia":[{"embeddable":true,"href":"https:\/\/www.laperlavalles.cat\/fr\/wp-json\/wp\/v2\/media\/154419"}],"wp:attachment":[{"href":"https:\/\/www.laperlavalles.cat\/fr\/wp-json\/wp\/v2\/media?parent=71150"}],"wp:term":[{"taxonomy":"product_cat","embeddable":true,"href":"https:\/\/www.laperlavalles.cat\/fr\/wp-json\/wp\/v2\/product_cat?post=71150"},{"taxonomy":"product_tag","embeddable":true,"href":"https:\/\/www.laperlavalles.cat\/fr\/wp-json\/wp\/v2\/product_tag?post=71150"}],"curies":[{"name":"wp","href":"https:\/\/api.w.org\/{rel}","templated":true}]}}