{"id":71190,"date":"2021-07-12T22:16:51","date_gmt":"2021-07-12T20:17:05","guid":{"rendered":"https:\/\/www.laperlavalles2.bcntic.com\/product\/teinture-bigen-46\/"},"modified":"2025-07-03T09:52:02","modified_gmt":"2025-07-03T07:52:02","slug":"teinture-bigen-46","status":"publish","type":"product","link":"https:\/\/www.laperlavalles.cat\/fr\/produit\/teinture-bigen-46\/","title":{"rendered":"BIGEN TEINTURE PERMANENTE EN POUDRE BRUN CLAIR &#8211; N\u00ba46"},"content":{"rendered":"<p>Bigen est une teinture permanente en poudre qui offre des r\u00e9sultats durables. Sa formule unique en poudre est activ\u00e9e par l&rsquo;eau, elle ne n\u00e9cessite donc pas de peroxyde d&rsquo;hydrog\u00e8ne et ne contient pas d&rsquo;ammoniaque, ce qui vous permet de traiter vos cheveux en douceur avec une couleur profonde, brillante et durable. Couvre 100 % des cheveux gris<\/p>\n","protected":false},"excerpt":{"rendered":"<p>Bigen est une teinture permanente en poudre qui offre des r\u00e9sultats durables. Sa formule unique en poudre est activ\u00e9e par l&rsquo;eau, elle ne n\u00e9cessite donc pas<span class=\"excerpt-hellip\"> [\u2026]<\/span><\/p>\n","protected":false},"featured_media":165241,"comment_status":"open","ping_status":"closed","template":"","meta":[],"product_cat":[8461,24331],"product_tag":[],"_links":{"self":[{"href":"https:\/\/www.laperlavalles.cat\/fr\/wp-json\/wp\/v2\/product\/71190"}],"collection":[{"href":"https:\/\/www.laperlavalles.cat\/fr\/wp-json\/wp\/v2\/product"}],"about":[{"href":"https:\/\/www.laperlavalles.cat\/fr\/wp-json\/wp\/v2\/types\/product"}],"replies":[{"embeddable":true,"href":"https:\/\/www.laperlavalles.cat\/fr\/wp-json\/wp\/v2\/comments?post=71190"}],"wp:featuredmedia":[{"embeddable":true,"href":"https:\/\/www.laperlavalles.cat\/fr\/wp-json\/wp\/v2\/media\/165241"}],"wp:attachment":[{"href":"https:\/\/www.laperlavalles.cat\/fr\/wp-json\/wp\/v2\/media?parent=71190"}],"wp:term":[{"taxonomy":"product_cat","embeddable":true,"href":"https:\/\/www.laperlavalles.cat\/fr\/wp-json\/wp\/v2\/product_cat?post=71190"},{"taxonomy":"product_tag","embeddable":true,"href":"https:\/\/www.laperlavalles.cat\/fr\/wp-json\/wp\/v2\/product_tag?post=71190"}],"curies":[{"name":"wp","href":"https:\/\/api.w.org\/{rel}","templated":true}]}}