{"id":71210,"date":"2021-07-12T22:17:14","date_gmt":"2021-07-12T20:17:28","guid":{"rendered":"https:\/\/www.laperlavalles2.bcntic.com\/product\/teinture-bigen-47\/"},"modified":"2025-07-03T09:53:06","modified_gmt":"2025-07-03T07:53:06","slug":"teinture-bigen-47","status":"publish","type":"product","link":"https:\/\/www.laperlavalles.cat\/fr\/produit\/teinture-bigen-47\/","title":{"rendered":"BIGEN TEINTURE PERMANENTE EN POUDRE BRUN MOYEN &#8211; N\u00ba47"},"content":{"rendered":"<p>La coloration permanente Bigen activ\u00e9e par l&rsquo;eau ne contient pas d&rsquo;ammoniaque, ni de peroxyde d&rsquo;hydrog\u00e8ne. Colorez vos cheveux sans action \u00e9claircissante, moins de d\u00e9g\u00e2ts que les autres produits de coloration ordinaires.<\/p>\n","protected":false},"excerpt":{"rendered":"<p>La coloration permanente Bigen activ\u00e9e par l&rsquo;eau ne contient pas d&rsquo;ammoniaque, ni de peroxyde d&rsquo;hydrog\u00e8ne. Colorez vos cheveux sans action \u00e9claircissante, moins de d\u00e9g\u00e2ts que les<span class=\"excerpt-hellip\"> [\u2026]<\/span><\/p>\n","protected":false},"featured_media":165257,"comment_status":"open","ping_status":"closed","template":"","meta":[],"product_cat":[8461,24331],"product_tag":[],"_links":{"self":[{"href":"https:\/\/www.laperlavalles.cat\/fr\/wp-json\/wp\/v2\/product\/71210"}],"collection":[{"href":"https:\/\/www.laperlavalles.cat\/fr\/wp-json\/wp\/v2\/product"}],"about":[{"href":"https:\/\/www.laperlavalles.cat\/fr\/wp-json\/wp\/v2\/types\/product"}],"replies":[{"embeddable":true,"href":"https:\/\/www.laperlavalles.cat\/fr\/wp-json\/wp\/v2\/comments?post=71210"}],"wp:featuredmedia":[{"embeddable":true,"href":"https:\/\/www.laperlavalles.cat\/fr\/wp-json\/wp\/v2\/media\/165257"}],"wp:attachment":[{"href":"https:\/\/www.laperlavalles.cat\/fr\/wp-json\/wp\/v2\/media?parent=71210"}],"wp:term":[{"taxonomy":"product_cat","embeddable":true,"href":"https:\/\/www.laperlavalles.cat\/fr\/wp-json\/wp\/v2\/product_cat?post=71210"},{"taxonomy":"product_tag","embeddable":true,"href":"https:\/\/www.laperlavalles.cat\/fr\/wp-json\/wp\/v2\/product_tag?post=71210"}],"curies":[{"name":"wp","href":"https:\/\/api.w.org\/{rel}","templated":true}]}}