{"id":71290,"date":"2021-07-12T22:18:44","date_gmt":"2021-07-12T20:18:58","guid":{"rendered":"https:\/\/www.laperlavalles2.bcntic.com\/product\/teinture-bigen-58\/"},"modified":"2025-07-03T09:56:31","modified_gmt":"2025-07-03T07:56:31","slug":"teinture-bigen-58","status":"publish","type":"product","link":"https:\/\/www.laperlavalles.cat\/fr\/produit\/teinture-bigen-58\/","title":{"rendered":"BIGEN TEINTURE PERMANENTE EN POUDRE CH\u00c2TAIN NOIR &#8211; N\u00ba58"},"content":{"rendered":"<p>La coloration permanente Bigen Black Brown est sans ammoniaque et ne n\u00e9cessite pas de peroxyde d&rsquo;hydrog\u00e8ne. Elle colore vos cheveux sans les soulever (\u00e9claircir) et en les ab\u00eemant moins que les autres produits de coloration.<\/p>\n","protected":false},"excerpt":{"rendered":"<p>La coloration permanente Bigen Black Brown est sans ammoniaque et ne n\u00e9cessite pas de peroxyde d&rsquo;hydrog\u00e8ne. Elle colore vos cheveux sans les soulever (\u00e9claircir) et en<span class=\"excerpt-hellip\"> [\u2026]<\/span><\/p>\n","protected":false},"featured_media":165321,"comment_status":"open","ping_status":"closed","template":"","meta":[],"product_cat":[8461,24331],"product_tag":[],"_links":{"self":[{"href":"https:\/\/www.laperlavalles.cat\/fr\/wp-json\/wp\/v2\/product\/71290"}],"collection":[{"href":"https:\/\/www.laperlavalles.cat\/fr\/wp-json\/wp\/v2\/product"}],"about":[{"href":"https:\/\/www.laperlavalles.cat\/fr\/wp-json\/wp\/v2\/types\/product"}],"replies":[{"embeddable":true,"href":"https:\/\/www.laperlavalles.cat\/fr\/wp-json\/wp\/v2\/comments?post=71290"}],"wp:featuredmedia":[{"embeddable":true,"href":"https:\/\/www.laperlavalles.cat\/fr\/wp-json\/wp\/v2\/media\/165321"}],"wp:attachment":[{"href":"https:\/\/www.laperlavalles.cat\/fr\/wp-json\/wp\/v2\/media?parent=71290"}],"wp:term":[{"taxonomy":"product_cat","embeddable":true,"href":"https:\/\/www.laperlavalles.cat\/fr\/wp-json\/wp\/v2\/product_cat?post=71290"},{"taxonomy":"product_tag","embeddable":true,"href":"https:\/\/www.laperlavalles.cat\/fr\/wp-json\/wp\/v2\/product_tag?post=71290"}],"curies":[{"name":"wp","href":"https:\/\/api.w.org\/{rel}","templated":true}]}}