{"id":71390,"date":"2021-07-12T22:20:37","date_gmt":"2021-07-12T20:20:51","guid":{"rendered":"https:\/\/www.laperlavalles2.bcntic.com\/product\/conditionneur-regenerant-ors\/"},"modified":"2024-11-22T11:21:38","modified_gmt":"2024-11-22T10:21:38","slug":"conditionneur-regenerant-ors","status":"publish","type":"product","link":"https:\/\/www.laperlavalles.cat\/fr\/produit\/conditionneur-regenerant-ors\/","title":{"rendered":"ORS REPLENISHING CONDITIONER"},"content":{"rendered":"<p>Apr\u00e8s-shampooing hydratant et r\u00e9parateur \u00e0 base d&rsquo;huile d&rsquo;olive et d&rsquo;huile d&rsquo;oranger. La Perla est distribu\u00e9e par la marque de cosm\u00e9tiques ORS.<\/p>\n","protected":false},"excerpt":{"rendered":"<p>Apr\u00e8s-shampooing hydratant et r\u00e9parateur \u00e0 base d&rsquo;huile d&rsquo;olive et d&rsquo;huile d&rsquo;oranger. La Perla est distribu\u00e9e par la marque de cosm\u00e9tiques ORS.<\/p>\n","protected":false},"featured_media":165655,"comment_status":"open","ping_status":"closed","template":"","meta":[],"product_cat":[10616],"product_tag":[],"_links":{"self":[{"href":"https:\/\/www.laperlavalles.cat\/fr\/wp-json\/wp\/v2\/product\/71390"}],"collection":[{"href":"https:\/\/www.laperlavalles.cat\/fr\/wp-json\/wp\/v2\/product"}],"about":[{"href":"https:\/\/www.laperlavalles.cat\/fr\/wp-json\/wp\/v2\/types\/product"}],"replies":[{"embeddable":true,"href":"https:\/\/www.laperlavalles.cat\/fr\/wp-json\/wp\/v2\/comments?post=71390"}],"wp:featuredmedia":[{"embeddable":true,"href":"https:\/\/www.laperlavalles.cat\/fr\/wp-json\/wp\/v2\/media\/165655"}],"wp:attachment":[{"href":"https:\/\/www.laperlavalles.cat\/fr\/wp-json\/wp\/v2\/media?parent=71390"}],"wp:term":[{"taxonomy":"product_cat","embeddable":true,"href":"https:\/\/www.laperlavalles.cat\/fr\/wp-json\/wp\/v2\/product_cat?post=71390"},{"taxonomy":"product_tag","embeddable":true,"href":"https:\/\/www.laperlavalles.cat\/fr\/wp-json\/wp\/v2\/product_tag?post=71390"}],"curies":[{"name":"wp","href":"https:\/\/api.w.org\/{rel}","templated":true}]}}