{"id":71950,"date":"2021-07-12T22:31:15","date_gmt":"2021-07-12T20:31:29","guid":{"rendered":"https:\/\/www.laperlavalles2.bcntic.com\/product\/creme-conditionnelle-sans-rincage-cantu\/"},"modified":"2023-06-23T11:20:16","modified_gmt":"2023-06-23T09:20:16","slug":"creme-conditionnelle-sans-rincage-cantu","status":"publish","type":"product","link":"https:\/\/www.laperlavalles.cat\/fr\/produit\/creme-conditionnelle-sans-rincage-cantu\/","title":{"rendered":"CANTU NAT LEAVE-IN COND CREAM"},"content":{"rendered":"<p>Cr\u00e8me r\u00e9paratrice et revitalisant sans \u00e9claircir <\/p>\n","protected":false},"excerpt":{"rendered":"<p>Cr\u00e8me r\u00e9paratrice et revitalisant sans \u00e9claircir<\/p>\n","protected":false},"featured_media":166025,"comment_status":"open","ping_status":"closed","template":"","meta":[],"product_cat":[8461,24331],"product_tag":[],"_links":{"self":[{"href":"https:\/\/www.laperlavalles.cat\/fr\/wp-json\/wp\/v2\/product\/71950"}],"collection":[{"href":"https:\/\/www.laperlavalles.cat\/fr\/wp-json\/wp\/v2\/product"}],"about":[{"href":"https:\/\/www.laperlavalles.cat\/fr\/wp-json\/wp\/v2\/types\/product"}],"replies":[{"embeddable":true,"href":"https:\/\/www.laperlavalles.cat\/fr\/wp-json\/wp\/v2\/comments?post=71950"}],"wp:featuredmedia":[{"embeddable":true,"href":"https:\/\/www.laperlavalles.cat\/fr\/wp-json\/wp\/v2\/media\/166025"}],"wp:attachment":[{"href":"https:\/\/www.laperlavalles.cat\/fr\/wp-json\/wp\/v2\/media?parent=71950"}],"wp:term":[{"taxonomy":"product_cat","embeddable":true,"href":"https:\/\/www.laperlavalles.cat\/fr\/wp-json\/wp\/v2\/product_cat?post=71950"},{"taxonomy":"product_tag","embeddable":true,"href":"https:\/\/www.laperlavalles.cat\/fr\/wp-json\/wp\/v2\/product_tag?post=71950"}],"curies":[{"name":"wp","href":"https:\/\/api.w.org\/{rel}","templated":true}]}}